{"id":5874,"date":"2024-01-14T18:38:50","date_gmt":"2024-01-14T17:38:50","guid":{"rendered":"https:\/\/melcaramel.com\/imkereitourismus\/"},"modified":"2026-04-12T21:45:11","modified_gmt":"2026-04-12T19:45:11","slug":"imkereitourismus","status":"publish","type":"page","link":"https:\/\/melcaramel.com\/de\/imkereitourismus\/","title":{"rendered":"Imkereitourismus"},"content":{"rendered":"<div class=\"wpb-content-wrapper\"><p>[vc_row css_animation=&#8220;none&#8220; el_class=&#8220;mel-col-color-right slider-mel&#8220; bb_sm_mode=&#8220;no&#8220; el_id=&#8220;pagina-servicios&#8220;][vc_column css_animation=&#8220;fadeIn&#8220; bbsm_scene=&#8220;mel-vertical-down-2&#8243; offset=&#8220;vc_col-lg-offset-1 vc_col-lg-6 vc_col-md-offset-0 vc_col-md-12 vc_col-sm-offset-0 vc_col-xs-12&#8243; bb_sm_mode=&#8220;yes&#8220;][vc_row_inner][vc_column_inner]<div id='bbsm-69fc31f0b7046' class='mel-foto-efecto wow fadeIn   bbsm-text-'>[vc_single_image image=&#8220;5842&#8243; img_size=&#8220;large&#8220; css=&#8220;&#8220;]<\/div>[\/vc_column_inner][\/vc_row_inner][vc_row_inner el_class=&#8220;wow fadeIn&#8220;][vc_column_inner]<div id='bbsm-69fc31f0b70b5' class='mel-foto-efecto   bbsm-text-'>[vc_single_image image=&#8220;5843&#8243; img_size=&#8220;large&#8220; css=&#8220;&#8220;]<\/div>[\/vc_column_inner][\/vc_row_inner][vc_row_inner el_class=&#8220;wow fadeIn&#8220;][vc_column_inner]<div id='bbsm-69fc31f0b70fe' class='mel-foto-efecto   bbsm-text-'>[vc_single_image image=&#8220;5829&#8243; img_size=&#8220;large&#8220; css=&#8220;&#8220;]<\/div>[\/vc_column_inner][\/vc_row_inner][vc_row_inner el_class=&#8220;wow fadeIn&#8220;][vc_column_inner]<div id='bbsm-69fc31f0b7141' class='mel-foto-efecto   bbsm-text-'>[vc_single_image image=&#8220;5845&#8243; img_size=&#8220;large&#8220; css=&#8220;&#8220;]<\/div>[\/vc_column_inner][\/vc_row_inner][\/vc_column][vc_column width=&#8220;11\/12&#8243; offset=&#8220;vc_col-lg-offset-0 vc_col-lg-5 vc_col-md-offset-1 vc_col-md-10 vc_col-sm-offset-1 vc_col-xs-offset-1 vc_col-xs-11&#8243; el_class=&#8220;columna-derecha-pagina-servicio&#8220;][vc_row_inner equal_height=&#8220;yes&#8220; css=&#8220;.vc_custom_1569249829285{padding-top: 10px !important;}&#8220;][vc_column_inner offset=&#8220;vc_col-lg-offset-0 vc_col-lg-11&#8243; el_id=&#8220;servicios-page-columna-texto&#8220;]<div id='bbsm-69fc31f0b7182' class='mel-vertical-texto-suave  bbsm-text-'>[vc_custom_heading text=&#8220;Imkereitourismus<br \/>\nauf Mallorca&#8220; font_container=&#8220;tag:h1|text_align:left&#8220; use_theme_fonts=&#8220;yes&#8220; css_animation=&#8220;fadeIn&#8220; el_class=&#8220;mel-title-1&#8243;][vc_empty_space height=&#8220;30px&#8220;]<\/div>[\/vc_column_inner][\/vc_row_inner][vc_row_inner equal_height=&#8220;yes&#8220;][vc_column_inner width=&#8220;11\/12&#8243; offset=&#8220;vc_col-lg-offset-1 vc_col-lg-10 vc_col-md-offset-1 vc_col-md-10&#8243; css=&#8220;.vc_custom_1583191067578{padding-bottom: 100px !important;}&#8220;][vc_column_text css_animation=&#8220;fadeIn&#8220; el_class=&#8220;mel-box-body&#8220;]Ich biete Ihnen das Privileg und die unvergessliche Erfahrung, die Welt der Bienen auf dem Son Alzines in der Gemeinde Escorca kennenzulernen, wo noch die wesentlichen nat\u00fcrlichen und kulturellen Werte Mallorcas gepflegt werden.[\/vc_column_text][vc_custom_heading text=&#8220;Bedingungen&#8220; use_theme_fonts=&#8220;yes&#8220; css_animation=&#8220;fadeIn&#8220; el_class=&#8220;mel-title-2&#8243;][vc_column_text css_animation=&#8220;fadeIn&#8220; el_class=&#8220;mel-box-body&#8220;]<\/p>\n<h3>Preis<\/h3>\n<p>60 \u20ac p.P.<\/p>\n<h3>Dauer<\/h3>\n<p>2,5\u20133 h<\/p>\n<h3>Kleine Gruppen<\/h3>\n<p>Maximal 4 Personen<\/p>\n<p><strong>Geeignetes Schuhwerk f\u00fcr die Imkerei<\/strong><\/p>\n<p><strong>G\u00fcnstiges Wetter<\/strong><\/p>\n<p>&nbsp;<\/p>\n<p>Wenn Sie diese Erfahrung machen m\u00f6chten oder weitere Informationen ben\u00f6tigen, f\u00fcllen Sie bitte das folgende Formular aus. Ich werde Ihnen so schnell wie m\u00f6glich antworten.[\/vc_column_text][vc_custom_heading text=&#8220;Kontakt&#8220; use_theme_fonts=&#8220;yes&#8220; css_animation=&#8220;fadeIn&#8220; el_class=&#8220;mel-title-2&#8243;]\n<div class=\"wpcf7 no-js\" id=\"wpcf7-f5886-o1\" lang=\"de-DE\" dir=\"ltr\" data-wpcf7-id=\"5886\">\n<div class=\"screen-reader-response\"><p role=\"status\" aria-live=\"polite\" aria-atomic=\"true\"><\/p> <ul><\/ul><\/div>\n<form action=\"\/de\/wp-json\/wp\/v2\/pages\/5874#wpcf7-f5886-o1\" method=\"post\" class=\"wpcf7-form init\" aria-label=\"Kontaktformular\" novalidate=\"novalidate\" data-status=\"init\">\n<fieldset class=\"hidden-fields-container\"><input type=\"hidden\" name=\"_wpcf7\" value=\"5886\" \/><input type=\"hidden\" name=\"_wpcf7_version\" value=\"6.1.5\" \/><input type=\"hidden\" name=\"_wpcf7_locale\" value=\"de_DE\" \/><input type=\"hidden\" name=\"_wpcf7_unit_tag\" value=\"wpcf7-f5886-o1\" \/><input type=\"hidden\" name=\"_wpcf7_container_post\" value=\"0\" \/><input type=\"hidden\" name=\"_wpcf7_posted_data_hash\" value=\"\" \/><input type=\"hidden\" name=\"_wpcf7_recaptcha_response\" value=\"\" \/>\n<\/fieldset>\n<p><span class=\"wpcf7-form-control-wrap\" data-name=\"your-name\"><input size=\"40\" maxlength=\"400\" class=\"wpcf7-form-control wpcf7-text wpcf7-validates-as-required\" aria-required=\"true\" aria-invalid=\"false\" placeholder=\"Name\" value=\"\" type=\"text\" name=\"your-name\" \/><\/span>\n<\/p>\n<p><span class=\"wpcf7-form-control-wrap\" data-name=\"your-email\"><input size=\"40\" maxlength=\"400\" class=\"wpcf7-form-control wpcf7-email wpcf7-validates-as-required wpcf7-text wpcf7-validates-as-email\" aria-required=\"true\" aria-invalid=\"false\" placeholder=\"E-Mail\" value=\"\" type=\"email\" name=\"your-email\" \/><\/span><br \/>\n<span class=\"wpcf7-form-control-wrap\" data-name=\"your-tel\"><input size=\"40\" maxlength=\"400\" class=\"wpcf7-form-control wpcf7-tel wpcf7-text wpcf7-validates-as-tel\" aria-invalid=\"false\" placeholder=\"Telefon\" value=\"\" type=\"tel\" name=\"your-tel\" \/><\/span>\n<\/p>\n<p><label>Kommentar<\/label><br \/>\n<span class=\"wpcf7-form-control-wrap\" data-name=\"your-message\"><textarea cols=\"40\" rows=\"2\" maxlength=\"2000\" class=\"wpcf7-form-control wpcf7-textarea\" aria-invalid=\"false\" name=\"your-message\">Ich m\u00f6chte eine Reservierung f\u00fcr den Besuch der Bienenst\u00e4nde vornehmen.<\/textarea><\/span>\n<\/p>\n<div class=\"aceptacion-privacidad\">\n\t<p><span class=\"wpcf7-form-control-wrap\" data-name=\"acceptance-636\"><span class=\"wpcf7-form-control wpcf7-acceptance\"><span class=\"wpcf7-list-item\"><input type=\"checkbox\" name=\"acceptance-636\" value=\"1\" aria-invalid=\"false\" \/><\/span><\/span><\/span><label>Ich habe die <a href=\"https:\/\/melcaramel.com\/politica-privacitat\/\">Datenschutzbestimmungen<\/a> gelesen und akzeptiere sie.<\/label>\n\t<\/p>\n<\/div>\n<p><input class=\"wpcf7-form-control wpcf7-submit has-spinner button\" id=\"form-submit\" type=\"submit\" value=\"Kontakt\" \/>\n<\/p><div class=\"wpcf7-response-output\" aria-hidden=\"true\"><\/div>\n<\/form>\n<\/div>\n[vc_column_text el_class=&#8220;fragmento-proteccion-datos&#8220;]Sie hinterlassen mir Ihre Daten, um mit mir in Kontakt zu treten, und ich wei\u00df das sehr zu sch\u00e4tzen. Daher m\u00f6chte ich Sie wissen lassen, dass Ihre Daten bei mir sicher sind, da ich mich an die <strong>DSGVO<\/strong> (Datenschutz-Grundverordnung) halte. Im Folgenden finden Sie die f\u00fcr Sie relevanten Informationen:<\/p>\n<p>Verantwortlicher \u00bb Mart\u00ed Mascar\u00f3 Cap\u00f3<br \/>\n<strong>Zweck<\/strong> \u00bb Beantwortung der Mitteilung, die Sie mir \u00fcber dieses Kontaktformular schicken<br \/>\n<strong>Legitimation<\/strong> \u00bb Ihre Einwilligung<br \/>\n<strong>Empf\u00e4nger<\/strong> \u00bb Ihre Daten werden von <a href=\"https:\/\/www.webempresa.com\/\" target=\"_blank\" rel=\"noopener\">Webempresa<\/a>, meinem E-Mail- und Hosting-Anbieter, gespeichert, der sich ebenfalls an die DSGVO h\u00e4lt.<br \/>\n<strong>Rechte<\/strong> \u00bb Selbstverst\u00e4ndlich haben Sie unter anderem das Recht auf Auskunft, Berichtigung, Einschr\u00e4nkung der Verarbeitung und L\u00f6schung Ihrer Daten.<br \/>\nDar\u00fcber hinaus ist die Website durch Googles reCAPTCHA gesch\u00fctzt, um Spam zu verhindern. Hier finden Sie die <a href=\"https:\/\/policies.google.com\/privacy\" target=\"_blank\" rel=\"noopener noreferrer\">Datenschutzerkl\u00e4rung<\/a> und die <a href=\"https:\/\/policies.google.com\/terms\" target=\"_blank\" rel=\"noopener noreferrer\">Nutzungsbedingungen.<\/a>[\/vc_column_text][\/vc_column_inner][\/vc_row_inner][\/vc_column][\/vc_row][vc_row][vc_column][vc_empty_space height=&#8220;100px&#8220;][\/vc_column][\/vc_row]<\/p>\n<\/div>","protected":false},"excerpt":{"rendered":"<p>[vc_row css_animation=&#8220;none&#8220; el_class=&#8220;mel-col-color-right slider-mel&#8220; bb_sm_mode=&#8220;no&#8220; el_id=&#8220;pagina-servicios&#8220;][vc_column css_animation=&#8220;fadeIn&#8220; bbsm_scene=&#8220;mel-vertical-down-2&#8243; offset=&#8220;vc_col-lg-offset-1 vc_col-lg-6 vc_col-md-offset-0 vc_col-md-12 vc_col-sm-offset-0 vc_col-xs-12&#8243; bb_sm_mode=&#8220;yes&#8220;][vc_row_inner][vc_column_inner][\/vc_column_inner][\/vc_row_inner][vc_row_inner el_class=&#8220;wow fadeIn&#8220;][vc_column_inner][\/vc_column_inner][\/vc_row_inner][vc_row_inner el_class=&#8220;wow fadeIn&#8220;][vc_column_inner][\/vc_column_inner][\/vc_row_inner][vc_row_inner el_class=&#8220;wow fadeIn&#8220;][vc_column_inner][\/vc_column_inner][\/vc_row_inner][\/vc_column][vc_column width=&#8220;11\/12&#8243; offset=&#8220;vc_col-lg-offset-0 vc_col-lg-5 vc_col-md-offset-1 vc_col-md-10 vc_col-sm-offset-1 vc_col-xs-offset-1 vc_col-xs-11&#8243; el_class=&#8220;columna-derecha-pagina-servicio&#8220;][vc_row_inner equal_height=&#8220;yes&#8220; css=&#8220;.vc_custom_1569249829285{padding-top: 10px !important;}&#8220;][vc_column_inner offset=&#8220;vc_col-lg-offset-0 vc_col-lg-11&#8243; el_id=&#8220;servicios-page-columna-texto&#8220;][\/vc_column_inner][\/vc_row_inner][vc_row_inner equal_height=&#8220;yes&#8220;][vc_column_inner width=&#8220;11\/12&#8243; offset=&#8220;vc_col-lg-offset-1 vc_col-lg-10 vc_col-md-offset-1 vc_col-md-10&#8243; css=&#8220;.vc_custom_1583191067578{padding-bottom: 100px !important;}&#8220;][vc_column_text css_animation=&#8220;fadeIn&#8220; el_class=&#8220;mel-box-body&#8220;]Ich biete Ihnen das Privileg und die unvergessliche [&hellip;]<\/p>\n","protected":false},"author":1,"featured_media":0,"parent":0,"menu_order":1,"comment_status":"closed","ping_status":"closed","template":"page-NoTitleBar.php","meta":{"inline_featured_image":false,"footnotes":""},"class_list":["post-5874","page","type-page","status-publish","hentry"],"_links":{"self":[{"href":"https:\/\/melcaramel.com\/de\/wp-json\/wp\/v2\/pages\/5874","targetHints":{"allow":["GET"]}}],"collection":[{"href":"https:\/\/melcaramel.com\/de\/wp-json\/wp\/v2\/pages"}],"about":[{"href":"https:\/\/melcaramel.com\/de\/wp-json\/wp\/v2\/types\/page"}],"author":[{"embeddable":true,"href":"https:\/\/melcaramel.com\/de\/wp-json\/wp\/v2\/users\/1"}],"replies":[{"embeddable":true,"href":"https:\/\/melcaramel.com\/de\/wp-json\/wp\/v2\/comments?post=5874"}],"version-history":[{"count":6,"href":"https:\/\/melcaramel.com\/de\/wp-json\/wp\/v2\/pages\/5874\/revisions"}],"predecessor-version":[{"id":7544,"href":"https:\/\/melcaramel.com\/de\/wp-json\/wp\/v2\/pages\/5874\/revisions\/7544"}],"wp:attachment":[{"href":"https:\/\/melcaramel.com\/de\/wp-json\/wp\/v2\/media?parent=5874"}],"curies":[{"name":"wp","href":"https:\/\/api.w.org\/{rel}","templated":true}]}}