{"id":5906,"date":"2024-01-14T19:36:32","date_gmt":"2024-01-14T18:36:32","guid":{"rendered":"https:\/\/melcaramel.com\/bio-imkerei\/"},"modified":"2024-01-14T19:36:32","modified_gmt":"2024-01-14T18:36:32","slug":"bio-imkerei","status":"publish","type":"page","link":"https:\/\/melcaramel.com\/de\/bio-imkerei\/","title":{"rendered":"Bio-Imkerei"},"content":{"rendered":"<div class=\"wpb-content-wrapper\"><p>[vc_row css_animation=&#8220;slideInLeft&#8220; el_class=&#8220;mel-col-color-right slider-mel&#8220; bb_sm_mode=&#8220;no&#8220; el_id=&#8220;pagina-servicios&#8220;][vc_column css_animation=&#8220;fadeIn&#8220; offset=&#8220;vc_col-lg-offset-1 vc_col-lg-10 vc_col-md-offset-0 vc_col-md-12 vc_col-sm-offset-0 vc_col-xs-12&#8243; bb_sm_mode=&#8220;no&#8220; el_class=&#8220;wow&#8220;]<div id='bbsm-69fc31ec2b1ed' class='mel-foto-efecto wow fadeIn mel-vertical-down-2  bbsm-text-'>[vc_single_image image=&#8220;3506&#8243; img_size=&#8220;full&#8220;]<\/div>[\/vc_column][\/vc_row][vc_row css_animation=&#8220;slideInLeft&#8220; el_class=&#8220;mel-col-color-right slider-mel&#8220; bb_sm_mode=&#8220;no&#8220;][vc_column width=&#8220;5\/6&#8243; offset=&#8220;vc_col-lg-offset-2 vc_col-lg-9 vc_col-md-offset-1 vc_col-md-10 vc_col-sm-offset-1 vc_col-xs-offset-1 vc_col-xs-10&#8243; bb_sm_mode=&#8220;no&#8220;][vc_row_inner][vc_column_inner offset=&#8220;vc_col-lg-offset-0 vc_col-lg-12 vc_col-md-offset-0 vc_col-md-12 vc_col-xs-12&#8243;]<div id='bbsm-69fc31ec2b25e' class='mel-vertical-down-2  bbsm-text-'>[vc_custom_heading text=&#8220;Bio-&#8220; font_container=&#8220;tag:h1|text_align:left&#8220; use_theme_fonts=&#8220;yes&#8220; css_animation=&#8220;fadeIn&#8220; el_class=&#8220;mel-title-1&#8243;][vc_custom_heading text=&#8220;Imkerei&#8220; use_theme_fonts=&#8220;yes&#8220; css_animation=&#8220;fadeIn&#8220; el_class=&#8220;mel-title-2&#8243;]<\/div>[\/vc_column_inner][\/vc_row_inner][vc_row_inner equal_height=&#8220;yes&#8220;][vc_column_inner width=&#8220;11\/12&#8243; offset=&#8220;vc_col-lg-offset-1 vc_col-lg-11 vc_col-md-offset-1 vc_col-md-11 vc_col-sm-offset-1 vc_col-xs-12&#8243; css=&#8220;.vc_custom_1583327489827{padding-bottom: 100px !important;}&#8220;][vc_column_text css_animation=&#8220;fadeIn&#8220; el_class=&#8220;mel-box-body&#8220;]Derzeit richte ich mich nach der Verordnung (EU) 2018\/848 des Europ\u00e4ischen Parlaments und des Rates vom 30. Mai 2018 \u00fcber die Produktion und Kennzeichnung von \u00f6kologischen\/biologischen Erzeugnissen.<\/p>\n<p>F\u00fcr Mel Caramel geht es dabei aber nicht nur einfach um eine Vorschrift, die strikt eingehalten werden muss, um eine Zertifizierung f\u00fcr den Honig, den Pollen, die Propolis oder andere Bienenprodukte zu erhalten, die ich vertreibe, sondern auch um eine auf die Imkerei angewandte Philosophie der ethischen Produktion, die es mir erlaubt, ein international renommiertes Qualit\u00e4tsprodukt zu erzeugen und gleichzeitig das Wohlergehen meiner Bienen zu gew\u00e4hrleisten.<\/p>\n<p>Dieser respektvolle Umgang mit den Bienen und die privilegierte Lage der Anwesen, auf denen meine Bienenst\u00f6cke stehen, erm\u00f6glichen es mir, meinen Kunden qualitativ hochwertige Imkereiprodukte in limitierter Produktion anzubieten, die auf dem Markt ihresgleichen suchen.[\/vc_column_text][\/vc_column_inner][\/vc_row_inner][\/vc_column][\/vc_row]<\/p>\n<\/div>","protected":false},"excerpt":{"rendered":"<p>[vc_row css_animation=&#8220;slideInLeft&#8220; el_class=&#8220;mel-col-color-right slider-mel&#8220; bb_sm_mode=&#8220;no&#8220; el_id=&#8220;pagina-servicios&#8220;][vc_column css_animation=&#8220;fadeIn&#8220; offset=&#8220;vc_col-lg-offset-1 vc_col-lg-10 vc_col-md-offset-0 vc_col-md-12 vc_col-sm-offset-0 vc_col-xs-12&#8243; bb_sm_mode=&#8220;no&#8220; el_class=&#8220;wow&#8220;][\/vc_column][\/vc_row][vc_row css_animation=&#8220;slideInLeft&#8220; el_class=&#8220;mel-col-color-right slider-mel&#8220; bb_sm_mode=&#8220;no&#8220;][vc_column width=&#8220;5\/6&#8243; offset=&#8220;vc_col-lg-offset-2 vc_col-lg-9 vc_col-md-offset-1 vc_col-md-10 vc_col-sm-offset-1 vc_col-xs-offset-1 vc_col-xs-10&#8243; bb_sm_mode=&#8220;no&#8220;][vc_row_inner][vc_column_inner offset=&#8220;vc_col-lg-offset-0 vc_col-lg-12 vc_col-md-offset-0 vc_col-md-12 vc_col-xs-12&#8243;][\/vc_column_inner][\/vc_row_inner][vc_row_inner equal_height=&#8220;yes&#8220;][vc_column_inner width=&#8220;11\/12&#8243; offset=&#8220;vc_col-lg-offset-1 vc_col-lg-11 vc_col-md-offset-1 vc_col-md-11 vc_col-sm-offset-1 vc_col-xs-12&#8243; css=&#8220;.vc_custom_1583327489827{padding-bottom: 100px !important;}&#8220;][vc_column_text css_animation=&#8220;fadeIn&#8220; el_class=&#8220;mel-box-body&#8220;]Derzeit richte ich mich nach der Verordnung (EU) 2018\/848 des [&hellip;]<\/p>\n","protected":false},"author":1,"featured_media":0,"parent":0,"menu_order":2,"comment_status":"closed","ping_status":"closed","template":"page-NoTitleBar.php","meta":{"inline_featured_image":false,"footnotes":""},"class_list":["post-5906","page","type-page","status-publish","hentry"],"_links":{"self":[{"href":"https:\/\/melcaramel.com\/de\/wp-json\/wp\/v2\/pages\/5906","targetHints":{"allow":["GET"]}}],"collection":[{"href":"https:\/\/melcaramel.com\/de\/wp-json\/wp\/v2\/pages"}],"about":[{"href":"https:\/\/melcaramel.com\/de\/wp-json\/wp\/v2\/types\/page"}],"author":[{"embeddable":true,"href":"https:\/\/melcaramel.com\/de\/wp-json\/wp\/v2\/users\/1"}],"replies":[{"embeddable":true,"href":"https:\/\/melcaramel.com\/de\/wp-json\/wp\/v2\/comments?post=5906"}],"version-history":[{"count":2,"href":"https:\/\/melcaramel.com\/de\/wp-json\/wp\/v2\/pages\/5906\/revisions"}],"predecessor-version":[{"id":5909,"href":"https:\/\/melcaramel.com\/de\/wp-json\/wp\/v2\/pages\/5906\/revisions\/5909"}],"wp:attachment":[{"href":"https:\/\/melcaramel.com\/de\/wp-json\/wp\/v2\/media?parent=5906"}],"curies":[{"name":"wp","href":"https:\/\/api.w.org\/{rel}","templated":true}]}}