{"id":5911,"date":"2024-01-14T19:47:39","date_gmt":"2024-01-14T18:47:39","guid":{"rendered":"https:\/\/melcaramel.com\/wer-sind-wir\/"},"modified":"2024-02-02T18:54:42","modified_gmt":"2024-02-02T17:54:42","slug":"wer-sind-wir","status":"publish","type":"page","link":"https:\/\/melcaramel.com\/de\/wer-sind-wir\/","title":{"rendered":"Wer sind wir?"},"content":{"rendered":"<div class=\"wpb-content-wrapper\"><p>[vc_row css_animation=&#8220;slideInLeft&#8220; el_class=&#8220;mel-col-color-right slider-mel&#8220; bb_sm_mode=&#8220;no&#8220; el_id=&#8220;pagina-servicios&#8220;][vc_column css_animation=&#8220;fadeIn&#8220; offset=&#8220;vc_col-lg-offset-1 vc_col-lg-10 vc_col-md-offset-0 vc_col-md-12&#8243; bb_sm_mode=&#8220;no&#8220; el_class=&#8220;wow&#8220;]<div id='bbsm-69f0a632a32b4' class='mel-foto-efecto wow fadeIn mel-vertical-down-2  bbsm-text-'>[vc_single_image image=&#8220;3485&#8243; img_size=&#8220;full&#8220;]<\/div>[\/vc_column][\/vc_row][vc_row css_animation=&#8220;slideInLeft&#8220; el_class=&#8220;mel-col-color-right slider-mel&#8220; bb_sm_mode=&#8220;no&#8220;][vc_column width=&#8220;5\/6&#8243; offset=&#8220;vc_col-lg-offset-2 vc_col-lg-9 vc_col-md-offset-1 vc_col-md-10 vc_col-sm-offset-1 vc_col-xs-offset-1 vc_col-xs-10&#8243; bb_sm_mode=&#8220;no&#8220;][vc_row_inner][vc_column_inner offset=&#8220;vc_col-lg-offset-0 vc_col-lg-12 vc_col-md-offset-0 vc_col-md-12 vc_col-xs-12&#8243;]<div id='bbsm-69f0a632a334a' class='mel-vertical-down-2  bbsm-text-'>[vc_custom_heading text=&#8220;Kleine und nachhaltige&#8220; font_container=&#8220;tag:h1|text_align:left&#8220; use_theme_fonts=&#8220;yes&#8220; css_animation=&#8220;fadeIn&#8220; el_class=&#8220;mel-title-1&#8243;][vc_custom_heading text=&#8220;Bienenst\u00e4nde&#8220; use_theme_fonts=&#8220;yes&#8220; css_animation=&#8220;fadeIn&#8220; el_class=&#8220;mel-title-2&#8243;]<\/div>[\/vc_column_inner][\/vc_row_inner][vc_row_inner equal_height=&#8220;yes&#8220;][vc_column_inner width=&#8220;11\/12&#8243; offset=&#8220;vc_col-lg-offset-1 vc_col-lg-11 vc_col-md-offset-1 vc_col-md-11 vc_col-sm-offset-1 vc_col-xs-12&#8243; css=&#8220;.vc_custom_1587036981370{padding-bottom: 100px !important;}&#8220;][vc_column_text css_animation=&#8220;fadeIn&#8220; el_class=&#8220;mel-box-body&#8220;]Mel Caramel ist ein kleines Unternehmen, <strong>spezialisiert <a href=\"https:\/\/melcaramel.com\/de\/bio-imkerei\/\">auf zertifizierte Bio-Honige<\/a><\/strong> aus Mallorca. Meine <strong>Bienenst\u00e4nde<\/strong> sind sehr <strong>klein<\/strong> und <strong>nachhaltig<\/strong> und stehen in <strong>nat\u00fcrlichen Umgebungen abseits m\u00f6glicher Verunreinigungen<\/strong> durch Herbizide und Pestizide aus der industriellen Landwirtschaft.<\/p>\n<p>Meine Ernten sind immer sehr klein, da die Produktion durch die f\u00fcr das <strong>mediterrane Klima charakteristischen unregelm\u00e4\u00dfigen Niederschl\u00e4ge auf nat\u00fcrliche Weise<\/strong> begrenzt ist. Die gro\u00dfe <strong>Vielfalt der Honigpflanzen auf der Insel<\/strong> Mallorca bietet jedoch ideale Bedingungen f\u00fcr die Ernte hochwertiger Honige mit au\u00dfergew\u00f6hnlichen organoleptischen Eigenschaften (Geschmack, Aroma, Konsistenz und Farbe).[\/vc_column_text][\/vc_column_inner][\/vc_row_inner][\/vc_column][\/vc_row][vc_row][vc_column][vc_empty_space height=&#8220;100px&#8220;][\/vc_column][\/vc_row]<\/p>\n<\/div>","protected":false},"excerpt":{"rendered":"<p>[vc_row css_animation=&#8220;slideInLeft&#8220; el_class=&#8220;mel-col-color-right slider-mel&#8220; bb_sm_mode=&#8220;no&#8220; el_id=&#8220;pagina-servicios&#8220;][vc_column css_animation=&#8220;fadeIn&#8220; offset=&#8220;vc_col-lg-offset-1 vc_col-lg-10 vc_col-md-offset-0 vc_col-md-12&#8243; bb_sm_mode=&#8220;no&#8220; el_class=&#8220;wow&#8220;][\/vc_column][\/vc_row][vc_row css_animation=&#8220;slideInLeft&#8220; el_class=&#8220;mel-col-color-right slider-mel&#8220; bb_sm_mode=&#8220;no&#8220;][vc_column width=&#8220;5\/6&#8243; offset=&#8220;vc_col-lg-offset-2 vc_col-lg-9 vc_col-md-offset-1 vc_col-md-10 vc_col-sm-offset-1 vc_col-xs-offset-1 vc_col-xs-10&#8243; bb_sm_mode=&#8220;no&#8220;][vc_row_inner][vc_column_inner offset=&#8220;vc_col-lg-offset-0 vc_col-lg-12 vc_col-md-offset-0 vc_col-md-12 vc_col-xs-12&#8243;][\/vc_column_inner][\/vc_row_inner][vc_row_inner equal_height=&#8220;yes&#8220;][vc_column_inner width=&#8220;11\/12&#8243; offset=&#8220;vc_col-lg-offset-1 vc_col-lg-11 vc_col-md-offset-1 vc_col-md-11 vc_col-sm-offset-1 vc_col-xs-12&#8243; css=&#8220;.vc_custom_1587036981370{padding-bottom: 100px !important;}&#8220;][vc_column_text css_animation=&#8220;fadeIn&#8220; el_class=&#8220;mel-box-body&#8220;]Mel Caramel ist ein kleines Unternehmen, spezialisiert auf zertifizierte Bio-Honige aus Mallorca. [&hellip;]<\/p>\n","protected":false},"author":1,"featured_media":0,"parent":0,"menu_order":4,"comment_status":"closed","ping_status":"closed","template":"page-NoTitleBar.php","meta":{"inline_featured_image":false,"footnotes":""},"class_list":["post-5911","page","type-page","status-publish","hentry"],"_links":{"self":[{"href":"https:\/\/melcaramel.com\/de\/wp-json\/wp\/v2\/pages\/5911","targetHints":{"allow":["GET"]}}],"collection":[{"href":"https:\/\/melcaramel.com\/de\/wp-json\/wp\/v2\/pages"}],"about":[{"href":"https:\/\/melcaramel.com\/de\/wp-json\/wp\/v2\/types\/page"}],"author":[{"embeddable":true,"href":"https:\/\/melcaramel.com\/de\/wp-json\/wp\/v2\/users\/1"}],"replies":[{"embeddable":true,"href":"https:\/\/melcaramel.com\/de\/wp-json\/wp\/v2\/comments?post=5911"}],"version-history":[{"count":3,"href":"https:\/\/melcaramel.com\/de\/wp-json\/wp\/v2\/pages\/5911\/revisions"}],"predecessor-version":[{"id":6179,"href":"https:\/\/melcaramel.com\/de\/wp-json\/wp\/v2\/pages\/5911\/revisions\/6179"}],"wp:attachment":[{"href":"https:\/\/melcaramel.com\/de\/wp-json\/wp\/v2\/media?parent=5911"}],"curies":[{"name":"wp","href":"https:\/\/api.w.org\/{rel}","templated":true}]}}