{"id":5915,"date":"2024-01-14T19:50:47","date_gmt":"2024-01-14T18:50:47","guid":{"rendered":"https:\/\/melcaramel.com\/kontakt\/"},"modified":"2024-01-14T19:50:47","modified_gmt":"2024-01-14T18:50:47","slug":"kontakt","status":"publish","type":"page","link":"https:\/\/melcaramel.com\/de\/kontakt\/","title":{"rendered":"Kontakt"},"content":{"rendered":"<div class=\"wpb-content-wrapper\"><p>[vc_row css_animation=&#8220;slideInLeft&#8220; el_class=&#8220;mel-col-color-right slider-mel&#8220; bb_sm_mode=&#8220;no&#8220; el_id=&#8220;pagina-servicios&#8220;][vc_column css_animation=&#8220;fadeIn&#8220; offset=&#8220;vc_col-lg-offset-1 vc_col-lg-10 vc_col-md-12&#8243; bb_sm_mode=&#8220;no&#8220; el_class=&#8220;wow&#8220;]<div id='bbsm-69f5cffce94a3' class='mel-foto-efecto wow fadeIn mel-vertical-down-2  bbsm-text-'>[vc_single_image image=&#8220;5054&#8243; img_size=&#8220;full&#8220;]<\/div>[\/vc_column][\/vc_row][vc_row css=&#8220;.vc_custom_1621866266227{padding-bottom: 45px !important;}&#8220;][vc_column width=&#8220;5\/6&#8243; bbsm_scene=&#8220;mel-vertical-down-2&#8243; offset=&#8220;vc_col-lg-offset-2 vc_col-lg-3 vc_col-md-offset-2 vc_col-md-10 vc_col-sm-offset-1 vc_col-xs-offset-1 vc_col-xs-10&#8243; bb_sm_mode=&#8220;yes&#8220;][vc_row_inner][vc_column_inner css=&#8220;.vc_custom_1583328584931{padding-right: 0px !important;padding-left: 0px !important;}&#8220; offset=&#8220;vc_col-lg-12 vc_col-md-6 vc_col-xs-12&#8243;][vc_custom_heading text=&#8220;Kontakt&#8220; use_theme_fonts=&#8220;yes&#8220; css_animation=&#8220;fadeIn&#8220; el_class=&#8220;mel-title-1&#8243;][vc_custom_heading text=&#8220;Ich werde Ihnen so bald wie m\u00f6glich antworten.&#8220; use_theme_fonts=&#8220;yes&#8220; el_class=&#8220;mel-title-2&#8243;][\/vc_column_inner][\/vc_row_inner][vc_row_inner][vc_column_inner css=&#8220;.vc_custom_1581959790278{padding-right: 0px !important;padding-left: 0px !important;}&#8220; offset=&#8220;vc_col-lg-12&#8243;][vc_empty_space]\t\t\t<div class=\" cursor-pointer blance-info-box text-left icon-alignment-left box-style-inner color-scheme-dark custom-info3 \" onclick=\"window.location.href='tel:0034653776502'\" >\n\t\t\t\t\t\t\t\t\t<div class=\"box-icon-wrapper\">\n\t\t\t\t\t\t<div class=\"info-box-icon\">\n\t\t\t\t\t\t\t\t\t\t\t\t\t\t\t\t\t\t\t\t\t\t\t\t\t\t\t\t\t\t\t\t\t\t                                <i class=\"pe-7s-call\"><\/i>\t\t\t\t\t\t<\/div>\n\t\t\t\t\t<\/div>\n\t\t\t\t\t\t\t\t<div class=\"info-box-content\">\n\t\t\t\t\t<div class=\"info-box-inner\">\n                    <p>\n\t\t\t\t\t\t<\/p>\n<h4><a href=\"tel:0034653776502\" target=\"_blank\" rel=\"noopener noreferrer\">(34) 653 776 502<\/a><\/h4>\n<p>\t\t\t\t\t<\/div>\n\t\t\t\t<\/div>\n\t\t\t<\/div>\n\t\t\t\t\t<div class=\" cursor-pointer blance-info-box text-left icon-alignment-left box-style-inner color-scheme-dark custom-info3 \" onclick=\"window.open('mailto:marti@melcaramel.com','_blank')\" >\n\t\t\t\t\t\t\t\t\t<div class=\"box-icon-wrapper\">\n\t\t\t\t\t\t<div class=\"info-box-icon\">\n\t\t\t\t\t\t\t\t\t\t\t\t\t\t\t\t\t\t\t\t\t\t\t\t\t\t\t\t\t\t\t\t\t\t                                <i class=\"pe-7s-mail\"><\/i>\t\t\t\t\t\t<\/div>\n\t\t\t\t\t<\/div>\n\t\t\t\t\t\t\t\t<div class=\"info-box-content\">\n\t\t\t\t\t<div class=\"info-box-inner\">\n                    <p>\n\t\t\t\t\t\t<\/p>\n<h4><a href=\"mailto:marti@melcaramel.com\" target=\"_blank\" rel=\"noopener noreferrer\">marti@melcaramel.com<\/a><\/h4>\n<p>\t\t\t\t\t<\/div>\n\t\t\t\t<\/div>\n\t\t\t<\/div>\n\t\t\t\t\t<div class=\" cursor-pointer blance-info-box text-left icon-alignment-left box-style-inner color-scheme-dark custom-info3 \" onclick=\"window.open('https:\/\/www.instagram.com\/mel__caramel','_blank')\" >\n\t\t\t\t\t\t\t\t\t<div class=\"box-icon-wrapper\">\n\t\t\t\t\t\t<div class=\"info-box-icon\">\n\t\t\t\t\t\t\t\t\t\t\t\t\t\t\t\t\t\t\t\t\t\t\t\t\t\t\t\t\t\t\t\t\t\t                                <i class=\"ti-instagram\"><\/i>\t\t\t\t\t\t<\/div>\n\t\t\t\t\t<\/div>\n\t\t\t\t\t\t\t\t<div class=\"info-box-content\">\n\t\t\t\t\t<div class=\"info-box-inner\">\n                    <p>\n\t\t\t\t\t\t<\/p>\n<h4><a href=\"https:\/\/www.instagram.com\/mel__caramel\" target=\"_blank\" rel=\"noopener noreferrer\">@mel__caramel<\/a><\/h4>\n<p>\t\t\t\t\t<\/div>\n\t\t\t\t<\/div>\n\t\t\t<\/div>\n\t\t[\/vc_column_inner][\/vc_row_inner][\/vc_column][vc_column width=&#8220;2\/3&#8243; css=&#8220;.vc_custom_1583329275136{padding-top: 25px !important;padding-right: 0px !important;padding-left: 0px !important;}&#8220; offset=&#8220;vc_col-lg-offset-1 vc_col-lg-4 vc_col-md-offset-2 vc_col-md-8 vc_col-sm-offset-1 vc_col-xs-offset-1 vc_col-xs-10&#8243;]\n<div class=\"wpcf7 no-js\" id=\"wpcf7-f5880-o1\" lang=\"de-DE\" dir=\"ltr\" data-wpcf7-id=\"5880\">\n<div class=\"screen-reader-response\"><p role=\"status\" aria-live=\"polite\" aria-atomic=\"true\"><\/p> <ul><\/ul><\/div>\n<form action=\"\/de\/wp-json\/wp\/v2\/pages\/5915#wpcf7-f5880-o1\" method=\"post\" class=\"wpcf7-form init\" aria-label=\"Kontaktformular\" novalidate=\"novalidate\" data-status=\"init\">\n<fieldset class=\"hidden-fields-container\"><input type=\"hidden\" name=\"_wpcf7\" value=\"5880\" \/><input type=\"hidden\" name=\"_wpcf7_version\" value=\"6.1.5\" \/><input type=\"hidden\" name=\"_wpcf7_locale\" value=\"de_DE\" \/><input type=\"hidden\" name=\"_wpcf7_unit_tag\" value=\"wpcf7-f5880-o1\" \/><input type=\"hidden\" name=\"_wpcf7_container_post\" value=\"0\" \/><input type=\"hidden\" name=\"_wpcf7_posted_data_hash\" value=\"\" \/><input type=\"hidden\" name=\"_wpcf7_recaptcha_response\" value=\"\" \/>\n<\/fieldset>\n<p><span class=\"wpcf7-form-control-wrap\" data-name=\"your-name\"><input size=\"40\" maxlength=\"400\" class=\"wpcf7-form-control wpcf7-text wpcf7-validates-as-required\" aria-required=\"true\" aria-invalid=\"false\" placeholder=\"Name\" value=\"\" type=\"text\" name=\"your-name\" \/><\/span>\n<\/p>\n<p><span class=\"wpcf7-form-control-wrap\" data-name=\"your-email\"><input size=\"40\" maxlength=\"400\" class=\"wpcf7-form-control wpcf7-email wpcf7-validates-as-required wpcf7-text wpcf7-validates-as-email\" aria-required=\"true\" aria-invalid=\"false\" placeholder=\"E-Mail\" value=\"\" type=\"email\" name=\"your-email\" \/><\/span>\n<\/p>\n<p><span class=\"wpcf7-form-control-wrap\" data-name=\"your-subject\"><input size=\"40\" maxlength=\"400\" class=\"wpcf7-form-control wpcf7-text\" aria-invalid=\"false\" placeholder=\"Thema\" value=\"\" type=\"text\" name=\"your-subject\" \/><\/span>\n<\/p>\n<p><span class=\"wpcf7-form-control-wrap\" data-name=\"your-message\"><textarea cols=\"40\" rows=\"10\" maxlength=\"2000\" class=\"wpcf7-form-control wpcf7-textarea\" aria-invalid=\"false\" placeholder=\"Kommentar\" name=\"your-message\"><\/textarea><\/span>\n<\/p>\n<div class=\"aceptacion-privacidad\">\n\t<p><span class=\"wpcf7-form-control-wrap\" data-name=\"acceptance-636\"><span class=\"wpcf7-form-control wpcf7-acceptance\"><span class=\"wpcf7-list-item\"><input type=\"checkbox\" name=\"acceptance-636\" value=\"1\" aria-invalid=\"false\" \/><\/span><\/span><\/span><label>Ich habe die <a href=\"https:\/\/melcaramel.com\/de\/politica-privacitat\/\">Datenschutzbestimmungen<\/a> gelesen und akzeptiere sie<\/label>\n\t<\/p>\n<\/div>\n<p><input class=\"wpcf7-form-control wpcf7-submit has-spinner button\" id=\"form-submit\" type=\"submit\" value=\"Senden\" \/>\n<\/p><div class=\"wpcf7-response-output\" aria-hidden=\"true\"><\/div>\n<\/form>\n<\/div>\n[vc_column_text el_class=&#8220;fragmento-proteccion-datos&#8220;]Sie hinterlassen mir Ihre Daten, um mit mir in Kontakt zu treten, und ich wei\u00df das sehr zu sch\u00e4tzen. Daher m\u00f6chte ich Sie wissen lassen, dass Ihre Daten bei mir sicher sind, da ich mich an die <strong>DSGVO<\/strong> (Datenschutz-Grundverordnung) halte. Im Folgenden finden Sie die f\u00fcr Sie relevanten Informationen:<\/p>\n<p>Verantwortlicher \u00bb Mart\u00ed Mascar\u00f3 Cap\u00f3<br \/>\n<strong>Zweck<\/strong> \u00bb Beantwortung der Mitteilung, die Sie mir \u00fcber dieses Kontaktformular schicken<br \/>\n<strong>Legitimation<\/strong> \u00bb Ihre Einwilligung<br \/>\n<strong>Empf\u00e4nger<\/strong> \u00bb Ihre Daten werden von <a href=\"https:\/\/axarnet.es\" target=\"_blank\" rel=\"noopener noreferrer\">Webempresa<\/a>, meinem E-Mail- und Hosting-Anbieter, gespeichert, der sich ebenfalls an die DSGVO h\u00e4lt.<br \/>\n<strong>Rechte<\/strong> \u00bb Selbstverst\u00e4ndlich haben Sie unter anderem das Recht auf Auskunft, Berichtigung, Einschr\u00e4nkung und L\u00f6schung Ihrer Daten.<br \/>\nDar\u00fcber hinaus ist die Website durch reCAPTCHA von Google gesch\u00fctzt, um Spam zu verhindern. Hier finden Sie die <a href=\"https:\/\/policies.google.com\/privacy\" target=\"_blank\" rel=\"noopener noreferrer\">Datenschutzerkl\u00e4rung<\/a> und die <a href=\"https:\/\/policies.google.com\/terms\" target=\"_blank\" rel=\"noopener noreferrer\">Nutzungsbedingungen.<\/a>[\/vc_column_text][\/vc_column][\/vc_row]<\/p>\n<\/div>","protected":false},"excerpt":{"rendered":"<p>[vc_row css_animation=&#8220;slideInLeft&#8220; el_class=&#8220;mel-col-color-right slider-mel&#8220; bb_sm_mode=&#8220;no&#8220; el_id=&#8220;pagina-servicios&#8220;][vc_column css_animation=&#8220;fadeIn&#8220; offset=&#8220;vc_col-lg-offset-1 vc_col-lg-10 vc_col-md-12&#8243; bb_sm_mode=&#8220;no&#8220; el_class=&#8220;wow&#8220;][\/vc_column][\/vc_row][vc_row css=&#8220;.vc_custom_1621866266227{padding-bottom: 45px !important;}&#8220;][vc_column width=&#8220;5\/6&#8243; bbsm_scene=&#8220;mel-vertical-down-2&#8243; offset=&#8220;vc_col-lg-offset-2 vc_col-lg-3 vc_col-md-offset-2 vc_col-md-10 vc_col-sm-offset-1 vc_col-xs-offset-1 vc_col-xs-10&#8243; bb_sm_mode=&#8220;yes&#8220;][vc_row_inner][vc_column_inner css=&#8220;.vc_custom_1583328584931{padding-right: 0px !important;padding-left: 0px !important;}&#8220; offset=&#8220;vc_col-lg-12 vc_col-md-6 vc_col-xs-12&#8243;][vc_custom_heading text=&#8220;Kontakt&#8220; use_theme_fonts=&#8220;yes&#8220; css_animation=&#8220;fadeIn&#8220; el_class=&#8220;mel-title-1&#8243;][vc_custom_heading text=&#8220;Ich werde Ihnen so bald wie m\u00f6glich antworten.&#8220; use_theme_fonts=&#8220;yes&#8220; el_class=&#8220;mel-title-2&#8243;][\/vc_column_inner][\/vc_row_inner][vc_row_inner][vc_column_inner css=&#8220;.vc_custom_1581959790278{padding-right: 0px !important;padding-left: 0px !important;}&#8220; offset=&#8220;vc_col-lg-12&#8243;][vc_empty_space][\/vc_column_inner][\/vc_row_inner][\/vc_column][vc_column width=&#8220;2\/3&#8243; css=&#8220;.vc_custom_1583329275136{padding-top: [&hellip;]<\/p>\n","protected":false},"author":1,"featured_media":0,"parent":0,"menu_order":32,"comment_status":"closed","ping_status":"closed","template":"page-NoTitleBarBlack.php","meta":{"inline_featured_image":false,"footnotes":""},"class_list":["post-5915","page","type-page","status-publish","hentry"],"_links":{"self":[{"href":"https:\/\/melcaramel.com\/de\/wp-json\/wp\/v2\/pages\/5915","targetHints":{"allow":["GET"]}}],"collection":[{"href":"https:\/\/melcaramel.com\/de\/wp-json\/wp\/v2\/pages"}],"about":[{"href":"https:\/\/melcaramel.com\/de\/wp-json\/wp\/v2\/types\/page"}],"author":[{"embeddable":true,"href":"https:\/\/melcaramel.com\/de\/wp-json\/wp\/v2\/users\/1"}],"replies":[{"embeddable":true,"href":"https:\/\/melcaramel.com\/de\/wp-json\/wp\/v2\/comments?post=5915"}],"version-history":[{"count":2,"href":"https:\/\/melcaramel.com\/de\/wp-json\/wp\/v2\/pages\/5915\/revisions"}],"predecessor-version":[{"id":5917,"href":"https:\/\/melcaramel.com\/de\/wp-json\/wp\/v2\/pages\/5915\/revisions\/5917"}],"wp:attachment":[{"href":"https:\/\/melcaramel.com\/de\/wp-json\/wp\/v2\/media?parent=5915"}],"curies":[{"name":"wp","href":"https:\/\/api.w.org\/{rel}","templated":true}]}}