{"id":5993,"date":"2019-07-18T20:02:59","date_gmt":"2019-07-18T18:02:59","guid":{"rendered":"https:\/\/melcaramel.com\/shop\/honig-vom-gut-ses-cabanasses\/"},"modified":"2025-09-23T18:44:02","modified_gmt":"2025-09-23T16:44:02","slug":"honig-vom-gut-ses-cabanasses","status":"publish","type":"product","link":"https:\/\/melcaramel.com\/de\/shop\/honig-vom-gut-ses-cabanasses\/","title":{"rendered":"Honig von Ses Cabanasses"},"content":{"rendered":"<h2>Organoleptische Merkmale<\/h2>\n<h3>Farbe<\/h3>\n<p>Bernsteinfarben mit r\u00f6tlichen Reflexen, max. 83 mm Pfund<\/p>\n<h3>Aroma<\/h3>\n<p>Blumig, sehr intensiv und anhaltend<\/p>\n<h3>Geschmack<\/h3>\n<p>Sehr s\u00fc\u00df mit milden s\u00e4uerlichen Noten<\/p>\n<h3>Konsistenz<\/h3>\n<p>Schnelle Kristallisation in mittelgro\u00dfen Kristallen<\/p>\n<h2>Pollenspektrum<\/h2>\n<p>25,1 % Stechpalmen-Kreuzdorn (Rhamnus alaternus) als Haupttracht, 8,8 % Milchfleckdistel (Galactites tomentosa), 4,2 % Natternkopf (Echium spp.) und 2,6 % Myrte (Myrtus communis) als repr\u00e4sentativste Beitrachten<\/p>\n<h2>Geografische Herkunft<\/h2>\n<p>Das Gut Ses Cabanasses liegt in der Gemeinde Petra, im Nordosten Mallorcas. Es erstreckt sich \u00fcber eine Fl\u00e4che von 290 Hektar und bildet eine kleine Enklave, die vom Lauf der Zeit fast unber\u00fchrt geblieben ist. Die wichtigsten besonderen Merkmale des Anwesens sind die Aussicht, die sich von den Gutsgeb\u00e4uden auf die majest\u00e4tische Serra de Tramuntana bietet, und die ausgedehnte, f\u00fcr die mediterrane Landschaft charakteristische Garrigue.<\/p>\n<h2>Botanische Herkunft<\/h2>\n<p>In der Naturlandschaft von Ses Cabanasses finden sich Teppiche von Affodill (Asphodelus spp.), Milchfleckdisteln (Galactites tomentosa), Ginster (Genista spp.), Natternk\u00f6pfen (Echium spp.), Wei\u00dflichen Zistrosen (Cistus albidus), Montpellier-Zistrosen (Cistus monspeliensis) und Gamander (Teucrium spp.) sowie andere f\u00fcr die mediterrane Landschaft charakteristische Arten wie Wolfsmilchgew\u00e4chse (Euphorbia spp.), die Myrte (Myrtles spp.) oder der Stechpalmen-Kreuzdorn (Rhamnus alaternus). Dar\u00fcber hinaus stehen \u2013 typisch f\u00fcr den mallorquinischen Trockenfeldbau \u2013 auf einem Teil der landwirtschaftlich genutzten Fl\u00e4chen zahlreiche Mandelb\u00e4ume (Prunus dulcis) und Johannisbrotb\u00e4ume (Ceratonia siliqua). <\/p>\n","protected":false},"excerpt":{"rendered":"<p>Nettogewicht <strong>450 g<\/strong><\/p>\n","protected":false},"featured_media":5994,"comment_status":"open","ping_status":"closed","template":"","meta":{"inline_featured_image":false},"product_brand":[],"product_cat":[127,218,181,185,209],"product_tag":[128],"class_list":{"0":"post-5993","1":"product","2":"type-product","3":"status-publish","4":"has-post-thumbnail","6":"product_cat-bio-honig","7":"product_cat-premi-guanyador-del-concurs-biolmiel-2018","8":"product_cat-premi-medalla-or-2018","9":"product_cat-premi-medalla-or-2020","10":"product_cat-premi-medalla-plata-2019","11":"product_tag-klarer-honig","13":"first","14":"outofstock","15":"taxable","16":"shipping-taxable","17":"purchasable","18":"product-type-simple","19":"woo-variation-gallery-product"},"_links":{"self":[{"href":"https:\/\/melcaramel.com\/de\/wp-json\/wp\/v2\/product\/5993","targetHints":{"allow":["GET"]}}],"collection":[{"href":"https:\/\/melcaramel.com\/de\/wp-json\/wp\/v2\/product"}],"about":[{"href":"https:\/\/melcaramel.com\/de\/wp-json\/wp\/v2\/types\/product"}],"replies":[{"embeddable":true,"href":"https:\/\/melcaramel.com\/de\/wp-json\/wp\/v2\/comments?post=5993"}],"wp:featuredmedia":[{"embeddable":true,"href":"https:\/\/melcaramel.com\/de\/wp-json\/wp\/v2\/media\/5994"}],"wp:attachment":[{"href":"https:\/\/melcaramel.com\/de\/wp-json\/wp\/v2\/media?parent=5993"}],"wp:term":[{"taxonomy":"product_brand","embeddable":true,"href":"https:\/\/melcaramel.com\/de\/wp-json\/wp\/v2\/product_brand?post=5993"},{"taxonomy":"product_cat","embeddable":true,"href":"https:\/\/melcaramel.com\/de\/wp-json\/wp\/v2\/product_cat?post=5993"},{"taxonomy":"product_tag","embeddable":true,"href":"https:\/\/melcaramel.com\/de\/wp-json\/wp\/v2\/product_tag?post=5993"}],"curies":[{"name":"wp","href":"https:\/\/api.w.org\/{rel}","templated":true}]}}