{"id":4182,"date":"2020-02-12T20:45:50","date_gmt":"2020-02-12T19:45:50","guid":{"rendered":"https:\/\/melcaramel.com\/apiturisme\/"},"modified":"2026-04-12T21:51:34","modified_gmt":"2026-04-12T19:51:34","slug":"bee-tourism-in-mallorca","status":"publish","type":"page","link":"https:\/\/melcaramel.com\/en\/bee-tourism-in-mallorca\/","title":{"rendered":"Bee tourism"},"content":{"rendered":"<div class=\"wpb-content-wrapper\"><p>[vc_row css_animation=&#8221;none&#8221; el_class=&#8221;mel-col-color-right slider-mel&#8221; bb_sm_mode=&#8221;no&#8221; el_id=&#8221;pagina-servicios&#8221;][vc_column css_animation=&#8221;fadeIn&#8221; bbsm_scene=&#8221;mel-vertical-down-2&#8243; offset=&#8221;vc_col-lg-offset-1 vc_col-lg-6 vc_col-md-offset-0 vc_col-md-12 vc_col-sm-offset-0 vc_col-xs-12&#8243; bb_sm_mode=&#8221;yes&#8221;][vc_row_inner][vc_column_inner]<div id='bbsm-69f0c87185721' class='mel-foto-efecto wow fadeIn   bbsm-text-'>[vc_single_image image=&#8221;4573&#8243; img_size=&#8221;large&#8221; css=&#8221;&#8221;]<\/div>[\/vc_column_inner][\/vc_row_inner][vc_row_inner el_class=&#8221;wow fadeIn&#8221;][vc_column_inner]<div id='bbsm-69f0c871857f9' class='mel-foto-efecto   bbsm-text-'>[vc_single_image image=&#8221;4575&#8243; img_size=&#8221;large&#8221; css=&#8221;&#8221;]<\/div>[\/vc_column_inner][\/vc_row_inner][vc_row_inner el_class=&#8221;wow fadeIn&#8221;][vc_column_inner]<div id='bbsm-69f0c8718586f' class='mel-foto-efecto   bbsm-text-'>[vc_single_image image=&#8221;4505&#8243; img_size=&#8221;large&#8221; css=&#8221;&#8221;]<\/div>[\/vc_column_inner][\/vc_row_inner][vc_row_inner el_class=&#8221;wow fadeIn&#8221;][vc_column_inner]<div id='bbsm-69f0c871858d5' class='mel-foto-efecto   bbsm-text-'>[vc_single_image image=&#8221;4579&#8243; img_size=&#8221;large&#8221; css=&#8221;&#8221;]<\/div>[\/vc_column_inner][\/vc_row_inner][\/vc_column][vc_column width=&#8221;11\/12&#8243; offset=&#8221;vc_col-lg-offset-0 vc_col-lg-5 vc_col-md-offset-1 vc_col-md-10 vc_col-sm-offset-1 vc_col-xs-offset-1 vc_col-xs-11&#8243; el_class=&#8221;columna-derecha-pagina-servicio&#8221;][vc_row_inner equal_height=&#8221;yes&#8221; css=&#8221;.vc_custom_1569249829285{padding-top: 10px !important;}&#8221;][vc_column_inner offset=&#8221;vc_col-lg-offset-0 vc_col-lg-11&#8243; el_id=&#8221;servicios-page-columna-texto&#8221;]<div id='bbsm-69f0c87185939' class='mel-vertical-texto-suave  bbsm-text-'>[vc_custom_heading text=&#8221;Bee tourism<br \/>\nform Mallorca&#8221; font_container=&#8221;tag:h1|text_align:left&#8221; use_theme_fonts=&#8221;yes&#8221; css_animation=&#8221;fadeIn&#8221; el_class=&#8221;mel-title-1&#8243;][vc_empty_space height=&#8221;30px&#8221;]<\/div>[\/vc_column_inner][\/vc_row_inner][vc_row_inner equal_height=&#8221;yes&#8221;][vc_column_inner width=&#8221;11\/12&#8243; offset=&#8221;vc_col-lg-offset-1 vc_col-lg-10 vc_col-md-offset-1 vc_col-md-10&#8243; css=&#8221;.vc_custom_1583191067578{padding-bottom: 100px !important;}&#8221;][vc_column_text css_animation=&#8221;fadeIn&#8221; el_class=&#8221;mel-box-body&#8221;]Discover the world of bees at the Son Alzines estate, Escorca, which still preserves Mallorca\u2019s main natural and cultural values, an unforgettable experience.[\/vc_column_text][vc_custom_heading text=&#8221;Conditions&#8221; use_theme_fonts=&#8221;yes&#8221; css_animation=&#8221;fadeIn&#8221; el_class=&#8221;mel-title-2&#8243;][vc_column_text css_animation=&#8221;fadeIn&#8221; el_class=&#8221;mel-box-body&#8221;]<\/p>\n<h3>Price<\/h3>\n<p>60\u20ac p\/p<\/p>\n<h3>Duration<\/h3>\n<p>2:30-3:00 hours<\/p>\n<h3>Small groups<\/h3>\n<p>Maximum 4 people<\/p>\n<p><strong>Suitable footwear for apiculture<\/strong><\/p>\n<p><strong>Appropriate weather<\/strong><\/p>\n<p>&nbsp;<\/p>\n<p>If you are interested in this experience or you would like more information, fill in the following form and I will reply as soon as possible.[\/vc_column_text][vc_custom_heading text=&#8221;Contact&#8221; use_theme_fonts=&#8221;yes&#8221; css_animation=&#8221;fadeIn&#8221; el_class=&#8221;mel-title-2&#8243;]\n<div class=\"wpcf7 no-js\" id=\"wpcf7-f3996-o1\" lang=\"en-US\" dir=\"ltr\" data-wpcf7-id=\"3996\">\n<div class=\"screen-reader-response\"><p role=\"status\" aria-live=\"polite\" aria-atomic=\"true\"><\/p> <ul><\/ul><\/div>\n<form action=\"\/en\/wp-json\/wp\/v2\/pages\/4182#wpcf7-f3996-o1\" method=\"post\" class=\"wpcf7-form init\" aria-label=\"Contact form\" novalidate=\"novalidate\" data-status=\"init\">\n<fieldset class=\"hidden-fields-container\"><input type=\"hidden\" name=\"_wpcf7\" value=\"3996\" \/><input type=\"hidden\" name=\"_wpcf7_version\" value=\"6.1.5\" \/><input type=\"hidden\" name=\"_wpcf7_locale\" value=\"en_US\" \/><input type=\"hidden\" name=\"_wpcf7_unit_tag\" value=\"wpcf7-f3996-o1\" \/><input type=\"hidden\" name=\"_wpcf7_container_post\" value=\"0\" \/><input type=\"hidden\" name=\"_wpcf7_posted_data_hash\" value=\"\" \/><input type=\"hidden\" name=\"_wpcf7_recaptcha_response\" value=\"\" \/>\n<\/fieldset>\n<p><span class=\"wpcf7-form-control-wrap\" data-name=\"your-name\"><input size=\"40\" maxlength=\"400\" class=\"wpcf7-form-control wpcf7-text wpcf7-validates-as-required\" aria-required=\"true\" aria-invalid=\"false\" placeholder=\"Name\" value=\"\" type=\"text\" name=\"your-name\" \/><\/span>\n<\/p>\n<p><span class=\"wpcf7-form-control-wrap\" data-name=\"your-email\"><input size=\"40\" maxlength=\"400\" class=\"wpcf7-form-control wpcf7-email wpcf7-validates-as-required wpcf7-text wpcf7-validates-as-email\" aria-required=\"true\" aria-invalid=\"false\" placeholder=\"E-mail\" value=\"\" type=\"email\" name=\"your-email\" \/><\/span><br \/>\n<span class=\"wpcf7-form-control-wrap\" data-name=\"your-tel\"><input size=\"40\" maxlength=\"400\" class=\"wpcf7-form-control wpcf7-tel wpcf7-text wpcf7-validates-as-tel\" aria-invalid=\"false\" placeholder=\"Phone\" value=\"\" type=\"tel\" name=\"your-tel\" \/><\/span>\n<\/p>\n<p><label>Message<\/label><br \/>\n<span class=\"wpcf7-form-control-wrap\" data-name=\"your-message\"><textarea cols=\"40\" rows=\"2\" maxlength=\"2000\" class=\"wpcf7-form-control wpcf7-textarea\" aria-invalid=\"false\" name=\"your-message\">I would like to make a reservation...<\/textarea><\/span>\n<\/p>\n<div class=\"aceptacion-privacidad\">\n\t<p><span class=\"wpcf7-form-control-wrap\" data-name=\"acceptance-636\"><span class=\"wpcf7-form-control wpcf7-acceptance\"><span class=\"wpcf7-list-item\"><input type=\"checkbox\" name=\"acceptance-636\" value=\"1\" aria-invalid=\"false\" \/><\/span><\/span><\/span><label>I have read and accept the <a href=\"https:\/\/melcaramel.com\/politica-privacitat\/\">privacy policy<\/a><\/label>\n\t<\/p>\n<\/div>\n<p><input class=\"wpcf7-form-control wpcf7-submit has-spinner button\" id=\"form-submit\" type=\"submit\" value=\"Contact\" \/>\n<\/p><div class=\"wpcf7-response-output\" aria-hidden=\"true\"><\/div>\n<\/form>\n<\/div>\n[vc_column_text el_class=&#8221;fragmento-proteccion-datos&#8221;]You are providing your contact details and I am very grateful for this. Therefore, I would like to inform you that your data will be secure as I comply with the <strong>GDPR<\/strong> (General Data Protection Regulation). Please read the following information:<\/p>\n<p>Controller \u00bb Mart\u00ed Mascar\u00f3 Cap\u00f3<br \/>\n<strong>Purpose<\/strong> \u00bb to be able to reply to the message you submitted using this contact form.<br \/>\n<strong>Legitimation<\/strong> \u00bb your consent.<br \/>\n<strong>Recipients<\/strong> \u00bb your data will be stored in <a href=\"https:\/\/www.webempresa.com\/\" target=\"_blank\" rel=\"noopener\">Webempresa<\/a> my email and hosting provider, which also complies with the GDPR.<br \/>\n<strong>Rights<\/strong> \u00bb of course you will have the right, among others, to access, rectify, limit and delete your data.<br \/>\nIn addition, the site is protected by Google&#8217;s reCAPTCHA to prevent spam. Here are the <a href=\"https:\/\/policies.google.com\/privacy\" target=\"_blank\" rel=\"noopener noreferrer\">Privacy Policy<\/a> and the <a href=\"https:\/\/policies.google.com\/terms\" target=\"_blank\" rel=\"noopener noreferrer\">Conditions of use<\/a> of the service.[\/vc_column_text][\/vc_column_inner][\/vc_row_inner][\/vc_column][\/vc_row][vc_row][vc_column][vc_empty_space height=&#8221;100px&#8221;][\/vc_column][\/vc_row]<\/p>\n<\/div>","protected":false},"excerpt":{"rendered":"<p>[vc_row css_animation=&#8221;none&#8221; el_class=&#8221;mel-col-color-right slider-mel&#8221; bb_sm_mode=&#8221;no&#8221; el_id=&#8221;pagina-servicios&#8221;][vc_column css_animation=&#8221;fadeIn&#8221; bbsm_scene=&#8221;mel-vertical-down-2&#8243; offset=&#8221;vc_col-lg-offset-1 vc_col-lg-6 vc_col-md-offset-0 vc_col-md-12 vc_col-sm-offset-0 vc_col-xs-12&#8243; bb_sm_mode=&#8221;yes&#8221;][vc_row_inner][vc_column_inner][\/vc_column_inner][\/vc_row_inner][vc_row_inner el_class=&#8221;wow fadeIn&#8221;][vc_column_inner][\/vc_column_inner][\/vc_row_inner][vc_row_inner el_class=&#8221;wow fadeIn&#8221;][vc_column_inner][\/vc_column_inner][\/vc_row_inner][vc_row_inner el_class=&#8221;wow fadeIn&#8221;][vc_column_inner][\/vc_column_inner][\/vc_row_inner][\/vc_column][vc_column width=&#8221;11\/12&#8243; offset=&#8221;vc_col-lg-offset-0 vc_col-lg-5 vc_col-md-offset-1 vc_col-md-10 vc_col-sm-offset-1 vc_col-xs-offset-1 vc_col-xs-11&#8243; el_class=&#8221;columna-derecha-pagina-servicio&#8221;][vc_row_inner equal_height=&#8221;yes&#8221; css=&#8221;.vc_custom_1569249829285{padding-top: 10px !important;}&#8221;][vc_column_inner offset=&#8221;vc_col-lg-offset-0 vc_col-lg-11&#8243; el_id=&#8221;servicios-page-columna-texto&#8221;][\/vc_column_inner][\/vc_row_inner][vc_row_inner equal_height=&#8221;yes&#8221;][vc_column_inner width=&#8221;11\/12&#8243; offset=&#8221;vc_col-lg-offset-1 vc_col-lg-10 vc_col-md-offset-1 vc_col-md-10&#8243; css=&#8221;.vc_custom_1583191067578{padding-bottom: 100px !important;}&#8221;][vc_column_text css_animation=&#8221;fadeIn&#8221; el_class=&#8221;mel-box-body&#8221;]Discover the world of bees at the Son [&hellip;]<\/p>\n","protected":false},"author":1,"featured_media":0,"parent":0,"menu_order":1,"comment_status":"closed","ping_status":"closed","template":"page-NoTitleBar.php","meta":{"inline_featured_image":false,"footnotes":""},"class_list":["post-4182","page","type-page","status-publish","hentry"],"_links":{"self":[{"href":"https:\/\/melcaramel.com\/en\/wp-json\/wp\/v2\/pages\/4182","targetHints":{"allow":["GET"]}}],"collection":[{"href":"https:\/\/melcaramel.com\/en\/wp-json\/wp\/v2\/pages"}],"about":[{"href":"https:\/\/melcaramel.com\/en\/wp-json\/wp\/v2\/types\/page"}],"author":[{"embeddable":true,"href":"https:\/\/melcaramel.com\/en\/wp-json\/wp\/v2\/users\/1"}],"replies":[{"embeddable":true,"href":"https:\/\/melcaramel.com\/en\/wp-json\/wp\/v2\/comments?post=4182"}],"version-history":[{"count":6,"href":"https:\/\/melcaramel.com\/en\/wp-json\/wp\/v2\/pages\/4182\/revisions"}],"predecessor-version":[{"id":7550,"href":"https:\/\/melcaramel.com\/en\/wp-json\/wp\/v2\/pages\/4182\/revisions\/7550"}],"wp:attachment":[{"href":"https:\/\/melcaramel.com\/en\/wp-json\/wp\/v2\/media?parent=4182"}],"curies":[{"name":"wp","href":"https:\/\/api.w.org\/{rel}","templated":true}]}}