{"id":3768,"date":"2018-11-06T07:11:14","date_gmt":"2018-11-06T06:11:14","guid":{"rendered":"https:\/\/melcaramel.com\/politica-privacitat\/"},"modified":"2024-01-24T19:04:34","modified_gmt":"2024-01-24T18:04:34","slug":"politica-de-privacidad","status":"publish","type":"page","link":"https:\/\/melcaramel.com\/es\/politica-de-privacidad\/","title":{"rendered":"Pol\u00edtica de privacidad"},"content":{"rendered":"<div class=\"wpb-content-wrapper\"><p>[vc_row css=\u00bb.vc_custom_1600780188469{margin-top: 100px !important;}\u00bb][vc_column offset=\u00bbvc_col-lg-offset-2 vc_col-lg-8&#8243;][vc_column_text]<\/p>\n<h1>Pol\u00edtica de privacidad<\/h1>\n<h2>1.- \u00bfQui\u00e9nes somos?<\/h2>\n<p>Esta p\u00e1gina Web es titularidad de<b> Mart\u00ed Mascar\u00f3 Cap\u00f3 <\/b>(en adelante <b>Mel Caramel<\/b>), con NIF: 43058589J y con domicilio social en Carrer Pintor Miquel \u00c0ngel, 28, 2, 07300 Inca, Mallorca.<\/p>\n<p>El responsable del tratamiento de tus datos es <b>Mart\u00ed Mascar\u00f3 Cap\u00f3<\/b>. Esto quiere decir que nos hacemos cargo de tratar y proteger tus datos personales.<\/p>\n<h2>2.- Informaci\u00f3n y consentimiento<\/h2>\n<p>Mediante la aceptaci\u00f3n de la presente Pol\u00edtica de Privacidad, quedas informado y prestas tu consentimiento libre, informado, espec\u00edfico e inequ\u00edvoco para que los datos personales que facilites a trav\u00e9s de la p\u00e1gina Web ubicada en la URL\u00a0 <b>https:\/\/melcaramel.com <\/b>(en adelante, el \u201c<b>Sitio Web<\/b>\u201d) sean tratados por <b>Mel Caramel<\/b>, as\u00ed como los datos derivados de su navegaci\u00f3n y aquellos otros que puedas facilitar en un futuro.<\/p>\n<p>Debes leer con atenci\u00f3n esta Pol\u00edtica de Privacidad, que ha sido redactada de forma clara y sencilla, para facilitar su comprensi\u00f3n. De esta forma podr\u00e1s determinar de forma libre y voluntaria si deseas facilitar sus datos personales a <b>Mel Caramel<\/b>.<\/p>\n<h2>3.- \u00bfTienes la obligaci\u00f3n de facilitar tus datos?<\/h2>\n<p>Los datos solicitados en los formularios de la Web son, con car\u00e1cter general, obligatorios (salvo que en el campo requerido se especifique lo contrario) para cumplir con las finalidades para las que est\u00e1n siendo recabados.<\/p>\n<p>Por lo tanto, si no se facilitan los mismos o no se aportan correctamente no podr\u00e1n atenderse las finalidades. No obstante, s\u00ed que podr\u00e1s visualizar libremente el contenido del Sitio Web.<\/p>\n<h2>4.- \u00bfCon qu\u00e9 finalidad tratar\u00e1 Mel Caramel tus datos?<\/h2>\n<p><b>01.-Datos facilitados para gestionar tu registro como usuario de nuestro Sitio Web<\/b><br \/>\nEn caso de que decidas registrarte como usuario en <b>Mel Caramel<\/b>, necesitamos tratar tus datos para identificarte como usuario y darte acceso a diferentes funcionalidades, productos y servicios que est\u00e1n a tu disposici\u00f3n como usuario registrado. Puedes cancelar tu cuenta de usuario registrado contactando con nosotros a trav\u00e9s del mail marti@melcaramel.com.<br \/>\n<b>02.-Datos facilitados para el desarrollo, cumplimiento y ejecuci\u00f3n del contrato de compraventa o de servicios que hayas contratado con Mel Caramel en nuestro Sitio Web. <\/b><\/p>\n<p><b> Mel Caramel <\/b>usar\u00e1 tus datos para:<\/p>\n<ul>\n<li>Gestionar, tramitar, enviar y dar seguimiento a las compras realizadas.<\/li>\n<li>Contactar contigo para finalizar el pedido si has guardado tu carrito de compra o has guardado productos en tu carrito de compra sin finalizar el proceso de pago.<\/li>\n<li>Realizar algunas encuestas de calidad y de satisfacci\u00f3n.<\/li>\n<li>Enviarte comunicaciones comerciales personalizadas sobre productos y servicios de <b>Mel Caramel <\/b>por medios electr\u00f3nicos.<\/li>\n<li>Efectuar un an\u00e1lisis sobre la utilizaci\u00f3n del Sitio Web y comprobar tus preferencias y comportamientos, con la finalidad de mejorar nuestra comunicaci\u00f3n contigo a trav\u00e9s del Sitio Web.<\/li>\n<\/ul>\n<p><b>03.- Datos facilitados para atender las solicitudes o peticiones que realices a trav\u00e9s de los canales de Atenci\u00f3n al Cliente.<\/b><\/p>\n<p><b> <\/b>Mel Caramel usar\u00e1 tus datos para:<\/p>\n<ul>\n<li>Gestionar, tramitar y dar respuesta a las peticiones, solicitudes, incidencias o consultas que has realizado.<\/li>\n<li>Enviarte comunicaciones comerciales personalizadas sobre productos y servicios de <b>Mel Caramel <\/b>por medios electr\u00f3nicos.<\/li>\n<li>Efectuar un an\u00e1lisis sobre la utilizaci\u00f3n del Sitio Web y comprobar tus preferencias y comportamientos, con la finalidad de mejorar nuestra comunicaci\u00f3n contigo a trav\u00e9s del Sitio Web.<\/li>\n<\/ul>\n<p><b>04.- Datos facilitados para fines de marketing:<\/b><\/p>\n<ul>\n<li>Gestionar tu suscripci\u00f3n y\/o baja de la Newsletter.<\/li>\n<li>Enviarte comunicaciones comerciales personalizadas sobre productos y servicios de <b>Mel Caramel <\/b>por medios electr\u00f3nicos.<\/li>\n<li>Efectuar un an\u00e1lisis sobre la utilizaci\u00f3n del Sitio Web y comprobar tus preferencias y comportamientos, con la finalidad de mejorar nuestra comunicaci\u00f3n contigo a trav\u00e9s del Sitio Web.<\/li>\n<\/ul>\n<p><b>05.- An\u00e1lisis de usabilidad y de calidad para la mejora de nuestros servicios:<\/b><\/p>\n<p>Si accedes a nuestro Sitio Web, te informamos de que trataremos tus datos de navegaci\u00f3n para fines anal\u00edticos y estad\u00edsticos, es decir, para entender la forma en la que los usuarios interact\u00faan con nuestro Sitio Web y as\u00ed ser capaces de introducir mejoras.<\/p>\n<h2>5.- \u00bfQu\u00e9 datos del Usuario tratar\u00e1 Mel Caramel?<\/h2>\n<p><b>Mel Caramel<\/b> tratar\u00e1 las siguientes categor\u00edas de datos del Usuario:<\/p>\n<p><b>01.- Para gestionar tu registro como usuario de nuestro Sitio Web<\/b><\/p>\n<ul>\n<li><b>Datos identificativos<\/b>: nombre, apellidos y DNI.<\/li>\n<li><b>Datos de contacto<\/b>: direcci\u00f3n de correo electr\u00f3nico, n\u00famero de tel\u00e9fono y direcci\u00f3n de correo postal.<\/li>\n<\/ul>\n<p><b>02.- Para el desarrollo, cumplimiento y ejecuci\u00f3n del contrato de compraventa o de servicios que hayas contratado con Mel Caramel en nuestro Sitio Web <\/b>:<\/p>\n<ul>\n<li><b>Datos identificativos<\/b>: nombre, apellidos y DNI.<\/li>\n<li><b>Datos de contacto<\/b>: direcci\u00f3n de correo electr\u00f3nico, n\u00famero de tel\u00e9fono y direcci\u00f3n de correo postal.<\/li>\n<li><b>Datos de transacci\u00f3n de bienes y servicios en\u00a0Mel Caramel<\/b>: productos y servicios adquiridos sobre los que muestres inter\u00e9s.<\/li>\n<li><b>Datos econ\u00f3micos y financieros<\/b>: Si el pago es a trav\u00e9s de Paypal o con tarjeta de cr\u00e9dito no se guardar\u00e1n datos econ\u00f3micos ya que el pago se hace a trav\u00e9s de una pasarela de pago externa cuyos datos recoge directamente Stripe o Paypal, seg\u00fan la opci\u00f3n escogida.<\/li>\n<\/ul>\n<p><b>03.- Para atender las solicitudes o peticiones que realices a trav\u00e9s de los canales de Atenci\u00f3n al Cliente:<\/b><\/p>\n<ul>\n<li><b>Datos identificativos<\/b>: nombre y apellidos.<\/li>\n<li><b>Datos de contacto<\/b>: direcci\u00f3n de correo electr\u00f3nico.<\/li>\n<li><b>Otros datos<\/b>: otros datos facilitados en los campos abiertos de los formularios dispuestos en el Sitio Web.<\/li>\n<\/ul>\n<p><b>04.- Datos facilitados para fines de marketing:<\/b><\/p>\n<ul>\n<li><b>Datos identificativos<\/b>: nombre y apellidos.<\/li>\n<li><b>Datos de contacto<\/b>: direcci\u00f3n de correo electr\u00f3nico.<\/li>\n<\/ul>\n<p><b>05.- Datos de usabilidad del Sitio Web:<\/b><\/p>\n<ul>\n<li><b>Datos de conexi\u00f3n, geolocalizaci\u00f3n y navegaci\u00f3n<\/b> (en caso de que interact\u00faes con nosotros desde el m\u00f3vil, por ejemplo).<\/li>\n<\/ul>\n<p>En caso de que facilites <b>datos de terceros<\/b>, manifiestas contar con su consentimiento y te comprometes a trasladarle la informaci\u00f3n contenida en la Pol\u00edtica de Privacidad, eximiendo a <b>Mel Caramel<\/b> de cualquier responsabilidad en este sentido. No obstante, <b>Mel Caramel<\/b> podr\u00e1 llevar a cabo verificaciones peri\u00f3dicas para constatar este hecho, adoptando las medidas de diligencia debida que correspondan, conforme a la normativa de protecci\u00f3n de datos.<\/p>\n<h2>6.- \u00bfCu\u00e1l es la legitimaci\u00f3n del tratamiento de tus datos personales Mel Caramel?<\/h2>\n<p>La base legal que nos permite tratar tus datos personales tambi\u00e9n depende de la finalidad para la que los tratemos seg\u00fan lo explicado a continuaci\u00f3n:<\/p>\n<p><b>01.- Para gestionar tu registro como usuario de nuestro Sitio Web<\/b><\/p>\n<p>El tratamiento de tus datos es necesario para la ejecuci\u00f3n de los t\u00e9rminos que regulan el uso de nuestro Sitio Web. En otras palabras, para que puedas registrarte como usuario en <b>Mel Caramel<\/b>, necesitamos tratar tus datos personales, ya que de lo contrario no podr\u00edamos gestionar tu registro.<\/p>\n<p><b>02.- Datos facilitados para formalizar una compra<\/b>:<\/p>\n<p>El tratamiento de tus datos es necesario para la<b> ejecuci\u00f3n del contrato de compraventa<\/b> o de <b>prestaci\u00f3n de servicios<\/b> que nos vincule contigo. Es posible que algunos tratamientos de datos asociados al proceso de compra se activen \u00fanicamente porque t\u00fa lo solicites o nos autorices.<\/p>\n<p>En estos casos, la base sobre la que tratamos tus datos es tu propio <b>consentimiento<\/b>. Consideramos que tenemos un <b>inter\u00e9s leg\u00edtimo<\/b> para realizar las comprobaciones necesarias para detectar y prevenir posibles fraudes cuando realizas una compra. Entendemos que el tratamiento de estos datos resulta positivo para todas las partes que intervienen cuando se produce el pago de una compra y en particular para ti, ya que nos permite tomar medidas para protegerte contra intentos de fraude cometidos por terceros.<\/p>\n<p><b>03.- Para atender las solicitudes o peticiones que realices a trav\u00e9s de los canales de Atenci\u00f3n al Cliente:<\/b><\/p>\n<p>Consideramos que tenemos un <b>inter\u00e9s leg\u00edtimo <\/b>para atender las solicitudes o consultas que nos plantees a trav\u00e9s de los diversos medios de contacto existentes. Entendemos que el tratamiento de estos datos resulta tambi\u00e9n beneficioso para ti en tanto que nos permite poder atenderte adecuadamente y resolver las consultas planteadas.<\/p>\n<p>Cuando nos contactes, en particular, para la gesti\u00f3n de incidencias relacionadas con tu pedido o producto\/servicio adquirido a trav\u00e9s de nuestro Sitio Web, el tratamiento es necesario para la <b>ejecuci\u00f3n del contrato de compraventa.<\/b><\/p>\n<p>Cuando tu consulta est\u00e9 relacionada con el ejercicio de los derechos sobre los que te informamos m\u00e1s adelante, como por ejemplo el derecho de desistimiento, o con reclamaciones relacionadas con nuestros productos o servicios, nos legitima para tratar tus datos con el fin de <b>cumplir con<\/b> <b>nuestras obligaciones legales<\/b>.<\/p>\n<p><b>04.- Marketing:<\/b><\/p>\n<p>La base leg\u00edtima para tratar tus datos con finalidades de marketing es el <b>consentimiento<\/b> que nos prestas, por ejemplo, cuando aceptas recibir informaci\u00f3n personalizada a trav\u00e9s de tu correo electr\u00f3nico o cuando aceptas las bases legales para participar en una acci\u00f3n promocional. Para mostrarte informaci\u00f3n personalizada, consideramos que tenemos un<b> inter\u00e9s leg\u00edtimo <\/b>para realizar un perfil con la informaci\u00f3n que tenemos sobre ti (como la navegaci\u00f3n que realizas, preferencias o hist\u00f3rico de compras) y los datos personales que nos has facilitado como rango de edad o idioma, ya que entendemos que el tratamiento de estos datos tambi\u00e9n resulta beneficioso para ti porque te permite mejorar tu experiencia como usuario y acceder a una informaci\u00f3n de acuerdo con tus preferencias.<\/p>\n<p><b>05.- An\u00e1lisis de usabilidad y de calidad:<\/b><\/p>\n<p>Consideramos que tenemos un <b>inter\u00e9s leg\u00edtimo<\/b> para analizar la usabilidad de nuestro Sitio Web y el grado de satisfacci\u00f3n del usuario ya que entendemos que el tratamiento de estos datos tambi\u00e9n resulta beneficioso para ti porque la finalidad es mejorar la experiencia del usuario y ofrecer un servicio de mayor calidad.<\/p>\n<p>Los consentimientos obtenidos para las finalidades mencionadas son independientes por lo que el Usuario podr\u00e1 revocar solo uno de ellos no afectando a los dem\u00e1s.<\/p>\n<p>Para revocar dicho consentimiento, el Usuario podr\u00e1 contactar con <b>Mel Caramel<\/b> a trav\u00e9s del correo <b>marti@melcaramel.com<\/b> o a trav\u00e9s del formulario de contacto.<\/p>\n<h2>7.- \u00bfCon qu\u00e9 destinatarios se compartir\u00e1n tus datos?<\/h2>\n<p>Para cumplir las finalidades indicadas en la presente Pol\u00edtica de Privacidad, es necesario que demos acceso a tus datos personales a terceras partes que nos presten apoyo en los servicios que te ofrecemos, a saber:<\/p>\n<ul>\n<li>Entidades financieras,<\/li>\n<li>entidades de detecci\u00f3n y prevenci\u00f3n de fraude,<\/li>\n<li>proveedores de servicios tecnol\u00f3gicos,<\/li>\n<li>proveedores y colaboradores de servicios de log\u00edstica, transporte y entrega,<\/li>\n<li class=\"li2\">Administraciones P\u00fablicas en los casos previstos en la ley.<\/li>\n<\/ul>\n<h2 class=\"p8\">8.- Transferencias internacionales de datos<\/h2>\n<p>Por eficiencia del servicio, algunos de los prestadores mencionados est\u00e1n ubicados en territorios situados fuera del Espacio Econ\u00f3mico Europeo que no proporcionan un nivel de protecci\u00f3n de datos equiparable al de la Uni\u00f3n Europea, como Estados Unidos. En tales casos, te informamos de que transferimos tus datos con garant\u00edas adecuadas y siempre guardando su seguridad.<\/p>\n<p>El Usuario queda informado de que <b>Mel Caramel<\/b> tiene contratados los servicios de Google, Mailchimp, cuyos servidores se encuentran alojados en EEUU, lo que implica una transferencia internacional de datos. No obstante, las transferencias internacionales de datos se encuentran regularizadas puesto que las entidades mencionadas est\u00e1n adheridas al Protocolo de Privacy Shield, certificaci\u00f3n que puedes consultar en el siguiente enlace: https:\/\/www.privacyshield.gov\/welcome.<\/p>\n<h2 class=\"p8\">9.- \u00bfCu\u00e1nto tiempo conservaremos tus datos?<\/h2>\n<p>Tus datos ser\u00e1n conservados durante los siguientes plazos:<\/p>\n<p><b>01.- Gestionar tu registro como usuario de nuestro Sitio Web<\/b><\/p>\n<ul>\n<li>Trataremos tus datos durante el tiempo en que mantengas la condici\u00f3n de usuario registrado (es decir, hasta que decidas darte de baja).<\/li>\n<\/ul>\n<p><b>02.- Datos facilitados para formalizar una compra<\/b>:<\/p>\n<ul>\n<li>Los datos facilitados para gestionar, tramitar, enviar y dar seguimiento a las compras realizadas se conservar\u00e1n durante la relaci\u00f3n contractual y, una vez finalizada, durante el plazo de prescripci\u00f3n de las acciones legales que se puedan derivar de la misma.<\/li>\n<li>Los datos utilizados para contactar contigo para finalizar el pedido si ha guardado tu carrito de compra o ha guardado productos en tu carrito de compra sin finalizar el proceso quedar\u00e1n registrados durante el tiempo en que est\u00e9s dado de alta en nuestro Sitio Web de venta online de <b>Mel Caramel<\/b>.<\/li>\n<li>Los datos relativos a encuestas de satisfacci\u00f3n y calidad ser\u00e1n conservados durante el tiempo que est\u00e9s dado de alta en nuestro Sitio Web de venta online de <b>Mel Caramel<\/b>.<\/li>\n<\/ul>\n<p><b>03.- Datos facilitados a trav\u00e9s de formularios de contacto <\/b>durante el tiempo que sea necesario para atender tu solicitud o petici\u00f3n.<\/p>\n<p><b>04.- Marketing,<\/b> ser\u00e1n conservados mientras no revoques tu consentimiento prestado al efecto.<\/p>\n<p><b>05.- An\u00e1lisis de usabilidad y de calidad, <\/b>trataremos tus datos puntualmente durante el tiempo en el que procedamos a realizar una acci\u00f3n o encuesta de calidad concreta o hasta que anonimicemos tus datos de navegaci\u00f3n.<\/p>\n<p>Independientemente de que tratemos tus datos durante el tiempo estrictamente necesario para cumplir con la finalidad correspondiente, los conservaremos posteriormente debidamente guardados y protegidos durante el tiempo en que pudieran surgir responsabilidades derivadas del tratamiento, en cumplimiento con la normativa vigente en cada momento. Una vez prescriban las posibles acciones en cada caso, procederemos a la supresi\u00f3n de tus datos personales.<\/p>\n<h2>10.- Comunicaciones comerciales y promocionales<\/h2>\n<p>Una de las finalidades para las que <b>Mel Caramel<\/b> trata los datos personales proporcionados es para remitirte comunicaciones comerciales con informaci\u00f3n relativa a productos, servicios, promociones, ofertas, eventos o noticias que sean de tu inter\u00e9s.<\/p>\n<p>En caso de que desees dejar de recibir comunicaciones comerciales o promocionales por parte de <b>Mel Caramel<\/b> puedes solicitar la baja del servicio enviando un email a la siguiente direcci\u00f3n de correo electr\u00f3nico:<b> marti@melcaramel.com<\/b><\/p>\n<h2>11.- Responsabilidad del Usuario<\/h2>\n<p>El Usuario:<\/p>\n<ul>\n<li>Garantiza que los datos que facilita <b>Mel Caramel<\/b> son verdaderos, exactos, completos y actualizados. A estos efectos, el Usuario responde de la veracidad de todos los datos que comunique y mantendr\u00e1 convenientemente actualizada la informaci\u00f3n facilitada, de tal forma que responda a su situaci\u00f3n real.<\/li>\n<li>Garantiza que ha informado a los terceros de los que facilite sus datos, en caso de hacerlo, de los aspectos contenidos en este documento. Asimismo, garantiza que ha obtenido su autorizaci\u00f3n para facilitar sus datos a <b>Mel Caramel<\/b> para los fines se\u00f1alados.<\/li>\n<li>Ser\u00e1 responsable de las informaciones falsas o inexactas que proporcione a trav\u00e9s del Sitio Web y de los da\u00f1os y perjuicios, directos o indirectos, que ello cause a <b>Mel Caramel<\/b> o a terceros.<\/li>\n<\/ul>\n<h2>12.- Cu\u00e1les son tus derechos<\/h2>\n<p>Nos comprometemos a respetar la confidencialidad de tus datos personales y a garantizarte el ejercicio de tus derechos. Puedes ejercerlos sin coste alguno escribi\u00e9ndonos un correo electr\u00f3nico a nuestra direcci\u00f3n <b>marti@melcaramel.com<\/b>, simplemente indic\u00e1ndonos el motivo de tu solicitud y el derecho que quieres ejercer. En caso de que lo consideremos necesario para poder identificarte, podremos solicitarte copia de un documento acreditativo de tu identidad:<\/p>\n<ul>\n<li>Pedirnos <b>acceso<\/b> a los datos que disponemos de ti. Te recordamos que en caso de ser usuario registrado en nuestro Sitio Web tambi\u00e9n puedes consultar esta informaci\u00f3n en la secci\u00f3n correspondiente a tus datos personales.<\/li>\n<li>Pedirnos que <b>rectifiquemos <\/b>los datos que ya disponemos. Recuerda que si eres usuario registrado en nuestro Sitio Web tambi\u00e9n puedes acceder a la secci\u00f3n correspondiente a tus datos personales de tu cuenta de usuario para modificar o actualizar tus datos personales. De todas formas, ten en cuenta que, al facilitarnos activamente tus datos personales por cualquier v\u00eda, garantizas que son ciertos y exactos y te comprometes a notificarnos cualquier cambio o modificaci\u00f3n de los mismos. Cualquier p\u00e9rdida o da\u00f1o causado a nuestro Sitio Web o al responsable de nuestro Sitio Web o a cualquier tercero por motivo de una informaci\u00f3n err\u00f3nea, inexacta o incompleta en los formularios de registro, ser\u00e1 responsabilidad exclusiva del usuario. Por favor, recuerda que por regla general solo debes facilitarnos tus propios datos personales, no los de terceros, salvo en lo permitido en esta Pol\u00edtica de Privacidad.<\/li>\n<li>Pedirnos que <b>Suprimamos<\/b> tus datos, en la medida en que ya no sean necesarios, para la finalidad con la que nos los has proporcionado, o que ya no contemos con legitimaci\u00f3n para hacerlo, seg\u00fan te hemos informado m\u00e1s arriba.<\/li>\n<li>Pedirnos que <b>limitemos el tratamiento<\/b> de tus datos, lo que supone que en determinados casos puedas solicitarnos que suspendamos temporalmente el tratamiento de los datos o que los conservemos m\u00e1s all\u00e1 del tiempo necesario cuando puedas requerirlo.<\/li>\n<\/ul>\n<p>Si nos has proporcionado tu <b>consentimiento<\/b> para el tratamiento de tus datos para cualquier finalidad, tambi\u00e9n <b>tienes derecho a retirarlo en cualquier momento <\/b>y revocar los consentimientos otorgados.<\/p>\n<p>Tambi\u00e9n tendr\u00e1s derecho a solicitar la <b>portabilidad de tus datos<\/b> personales. Esto significa que tendr\u00e1s derecho a recibir los datos personales que nos hayas facilitado en un formato estructurado, de uso com\u00fan y legible por una m\u00e1quina, para poder transmitirlo a otra entidad directamente, siempre que t\u00e9cnicamente sea posible.<\/p>\n<p>Por otra parte, cuando el tratamiento de tus datos est\u00e9 basado en nuestro inter\u00e9s leg\u00edtimo, tambi\u00e9n tendr\u00e1s derecho a <b>oponerte <\/b>a su uso.<\/p>\n<p>Por \u00faltimo, te informamos de tu derecho a interponer una reclamaci\u00f3n relativa a la protecci\u00f3n de tus datos personales ante la Agencia Espa\u00f1ola de Protecci\u00f3n de Datos (<a href=\"https:\/\/www.agpd.es\/portalwebAGPD\/index-ides-idphp.php\" target=\"_blank\" rel=\"noopener\"> https:\/\/www.agpd.es\/portalwebAGPD\/index-ides-idphp.php<\/a> ) en la direcci\u00f3n C\/ Jorge Juan, 6, 28001 &#8211; Madrid, cuando el interesado considere que <b>Mel Caramel<\/b> ha vulnerado los derechos que le son reconocidos por la normativa aplicable en protecci\u00f3n de datos.<\/p>\n<h2>13.- Medidas de seguridad<\/h2>\n<p><b>Mel Caramel<\/b> tratar\u00e1 los <b>datos <\/b>en todo momento de forma <b>absolutamente confidencial<\/b> y guardando el preceptivo deber de secreto respecto de los mismos, de conformidad con lo previsto en la normativa de aplicaci\u00f3n, adoptando al efecto las medidas de \u00edndole t\u00e9cnica y organizativas necesarias que garanticen la seguridad de sus datos y eviten su alteraci\u00f3n, p\u00e9rdida, tratamiento o acceso no autorizado, habida cuenta del estado de la tecnolog\u00eda, la naturaleza de los datos almacenados y los riesgos a que est\u00e1n expuestos.<\/p>\n<h2>14.- Cambios<\/h2>\n<p>Es posible que modifiquemos la informaci\u00f3n contenida en esta Pol\u00edtica de Privacidad cuando lo estimemos conveniente. En caso de que lo hagamos, te lo notificaremos por distintas v\u00edas a trav\u00e9s de nuestro Sitio Web (por ejemplo, a trav\u00e9s de un banner, un pop-up o una notificaci\u00f3n push), o incluso te lo comunicaremos a tu direcci\u00f3n de correo electr\u00f3nico cuando el cambio en cuesti\u00f3n sea significativo para con tu privacidad, de manera que puedas revisar los cambios, valorarlos y, en su caso, oponerte o darte de baja en alg\u00fan servicio o funcionalidad. En cualquier caso, te sugerimos que revises esta Pol\u00edtica de Privacidad de vez en cuando por si hubiera cambios menores o alguna mejora interactiva, aprovechando que siempre la encontrar\u00e1s como punto permanente de informaci\u00f3n en nuestra Web.<\/p>\n<h2>15.- Aceptaci\u00f3n y Consentimiento<\/h2>\n<p>Declaras haber sido informado de las condiciones sobre protecci\u00f3n de datos personales, aceptando y consintiendo el tratamiento automatizado de los mismos por parte de <b>Mel Caramel<\/b>, en la forma y para las finalidades indicadas en la presente Pol\u00edtica de Privacidad.[\/vc_column_text][\/vc_column][\/vc_row]<\/p>\n<\/div>","protected":false},"excerpt":{"rendered":"<p>[vc_row css=\u00bb.vc_custom_1600780188469{margin-top: 100px !important;}\u00bb][vc_column offset=\u00bbvc_col-lg-offset-2 vc_col-lg-8&#8243;][vc_column_text] Pol\u00edtica de privacidad 1.- \u00bfQui\u00e9nes somos? Esta p\u00e1gina Web es titularidad de Mart\u00ed Mascar\u00f3 Cap\u00f3 (en adelante Mel Caramel), con NIF: 43058589J y con domicilio social en Carrer Pintor Miquel \u00c0ngel, 28, 2, 07300 Inca, Mallorca. El responsable del tratamiento de tus datos es Mart\u00ed Mascar\u00f3 Cap\u00f3. Esto quiere [&hellip;]<\/p>\n","protected":false},"author":1,"featured_media":0,"parent":0,"menu_order":22,"comment_status":"closed","ping_status":"closed","template":"","meta":{"inline_featured_image":false,"footnotes":""},"class_list":["post-3768","page","type-page","status-publish","hentry"],"_links":{"self":[{"href":"https:\/\/melcaramel.com\/es\/wp-json\/wp\/v2\/pages\/3768","targetHints":{"allow":["GET"]}}],"collection":[{"href":"https:\/\/melcaramel.com\/es\/wp-json\/wp\/v2\/pages"}],"about":[{"href":"https:\/\/melcaramel.com\/es\/wp-json\/wp\/v2\/types\/page"}],"author":[{"embeddable":true,"href":"https:\/\/melcaramel.com\/es\/wp-json\/wp\/v2\/users\/1"}],"replies":[{"embeddable":true,"href":"https:\/\/melcaramel.com\/es\/wp-json\/wp\/v2\/comments?post=3768"}],"version-history":[{"count":3,"href":"https:\/\/melcaramel.com\/es\/wp-json\/wp\/v2\/pages\/3768\/revisions"}],"predecessor-version":[{"id":6148,"href":"https:\/\/melcaramel.com\/es\/wp-json\/wp\/v2\/pages\/3768\/revisions\/6148"}],"wp:attachment":[{"href":"https:\/\/melcaramel.com\/es\/wp-json\/wp\/v2\/media?parent=3768"}],"curies":[{"name":"wp","href":"https:\/\/api.w.org\/{rel}","templated":true}]}}