{"id":4183,"date":"2020-02-12T20:45:50","date_gmt":"2020-02-12T19:45:50","guid":{"rendered":"https:\/\/melcaramel.com\/apiturisme\/"},"modified":"2026-04-12T21:45:47","modified_gmt":"2026-04-12T19:45:47","slug":"apiturismo-mallorca","status":"publish","type":"page","link":"https:\/\/melcaramel.com\/es\/apiturismo-mallorca\/","title":{"rendered":"Apiturismo"},"content":{"rendered":"<div class=\"wpb-content-wrapper\"><p>[vc_row css_animation=\u00bbnone\u00bb el_class=\u00bbmel-col-color-right slider-mel\u00bb bb_sm_mode=\u00bbno\u00bb el_id=\u00bbpagina-servicios\u00bb][vc_column css_animation=\u00bbfadeIn\u00bb bbsm_scene=\u00bbmel-vertical-down-2&#8243; offset=\u00bbvc_col-lg-offset-1 vc_col-lg-6 vc_col-md-offset-0 vc_col-md-12 vc_col-sm-offset-0 vc_col-xs-12&#8243; bb_sm_mode=\u00bbyes\u00bb][vc_row_inner][vc_column_inner]<div id='bbsm-69efdb3ee4793' class='mel-foto-efecto wow fadeIn   bbsm-text-'>[vc_single_image image=\u00bb4574&#8243; img_size=\u00bblarge\u00bb css=\u00bb\u00bb]<\/div>[\/vc_column_inner][\/vc_row_inner][vc_row_inner el_class=\u00bbwow fadeIn\u00bb][vc_column_inner]<div id='bbsm-69efdb3ee484a' class='mel-foto-efecto   bbsm-text-'>[vc_single_image image=\u00bb4576&#8243; img_size=\u00bblarge\u00bb css=\u00bb\u00bb]<\/div>[\/vc_column_inner][\/vc_row_inner][vc_row_inner el_class=\u00bbwow fadeIn\u00bb][vc_column_inner]<div id='bbsm-69efdb3ee48c5' class='mel-foto-efecto   bbsm-text-'>[vc_single_image image=\u00bb4506&#8243; img_size=\u00bblarge\u00bb css=\u00bb\u00bb]<\/div>[\/vc_column_inner][\/vc_row_inner][vc_row_inner el_class=\u00bbwow fadeIn\u00bb][vc_column_inner]<div id='bbsm-69efdb3ee4939' class='mel-foto-efecto   bbsm-text-'>[vc_single_image image=\u00bb4580&#8243; img_size=\u00bblarge\u00bb css=\u00bb\u00bb]<\/div>[\/vc_column_inner][\/vc_row_inner][\/vc_column][vc_column width=\u00bb11\/12&#8243; offset=\u00bbvc_col-lg-offset-0 vc_col-lg-5 vc_col-md-offset-1 vc_col-md-10 vc_col-sm-offset-1 vc_col-xs-offset-1 vc_col-xs-11&#8243; el_class=\u00bbcolumna-derecha-pagina-servicio\u00bb][vc_row_inner equal_height=\u00bbyes\u00bb css=\u00bb.vc_custom_1569249829285{padding-top: 10px !important;}\u00bb][vc_column_inner offset=\u00bbvc_col-lg-offset-0 vc_col-lg-11&#8243; el_id=\u00bbservicios-page-columna-texto\u00bb]<div id='bbsm-69efdb3ee49ad' class='mel-vertical-texto-suave  bbsm-text-'>[vc_custom_heading text=\u00bbApiturismo<br \/>\nen Mallorca\u00bb font_container=\u00bbtag:h1|text_align:left\u00bb use_theme_fonts=\u00bbyes\u00bb css_animation=\u00bbfadeIn\u00bb el_class=\u00bbmel-title-1&#8243;][vc_empty_space height=\u00bb30px\u00bb]<\/div>[\/vc_column_inner][\/vc_row_inner][vc_row_inner equal_height=\u00bbyes\u00bb][vc_column_inner width=\u00bb11\/12&#8243; offset=\u00bbvc_col-lg-offset-1 vc_col-lg-10 vc_col-md-offset-1 vc_col-md-10&#8243; css=\u00bb.vc_custom_1583191067578{padding-bottom: 100px !important;}\u00bb][vc_column_text css_animation=\u00bbfadeIn\u00bb el_class=\u00bbmel-box-body\u00bb]Te ofrezco el privilegio de venir a descubrir el mundo de las abejas en la finca de Son Alzines, Escorca, donde todav\u00eda se mantienen los principales valores naturales y culturales de Mallorca, una experiencia imborrable en la memoria.[\/vc_column_text][vc_custom_heading text=\u00bbCondiciones\u00bb use_theme_fonts=\u00bbyes\u00bb css_animation=\u00bbfadeIn\u00bb el_class=\u00bbmel-title-2&#8243;][vc_column_text css_animation=\u00bbfadeIn\u00bb el_class=\u00bbmel-box-body\u00bb]<\/p>\n<h3>Precio<\/h3>\n<p>60\u20ac p\/p<\/p>\n<h3>Duraci\u00f3n<\/h3>\n<p>2.30-3h<\/p>\n<h3>Grupo reducido<\/h3>\n<p>M\u00e1ximo 4 personas<\/p>\n<p><strong>Calzado adecuado para apicultura<\/strong><\/p>\n<p><strong>Meteorolog\u00eda favorable<\/strong><\/p>\n<p>&nbsp;<\/p>\n<p>Si deseas vivir esta experiencia o necesitas m\u00e1s informaci\u00f3n puedes rellenar el siguiente formulario y te contestar\u00e9 tan pronto como sea posible.[\/vc_column_text][vc_custom_heading text=\u00bbContacto\u00bb use_theme_fonts=\u00bbyes\u00bb css_animation=\u00bbfadeIn\u00bb el_class=\u00bbmel-title-2&#8243;]\n<div class=\"wpcf7 no-js\" id=\"wpcf7-f4208-o1\" lang=\"es-ES\" dir=\"ltr\" data-wpcf7-id=\"4208\">\n<div class=\"screen-reader-response\"><p role=\"status\" aria-live=\"polite\" aria-atomic=\"true\"><\/p> <ul><\/ul><\/div>\n<form action=\"\/es\/wp-json\/wp\/v2\/pages\/4183#wpcf7-f4208-o1\" method=\"post\" class=\"wpcf7-form init\" aria-label=\"Formulario de contacto\" novalidate=\"novalidate\" data-status=\"init\">\n<fieldset class=\"hidden-fields-container\"><input type=\"hidden\" name=\"_wpcf7\" value=\"4208\" \/><input type=\"hidden\" name=\"_wpcf7_version\" value=\"6.1.5\" \/><input type=\"hidden\" name=\"_wpcf7_locale\" value=\"es_ES\" \/><input type=\"hidden\" name=\"_wpcf7_unit_tag\" value=\"wpcf7-f4208-o1\" \/><input type=\"hidden\" name=\"_wpcf7_container_post\" value=\"0\" \/><input type=\"hidden\" name=\"_wpcf7_posted_data_hash\" value=\"\" \/><input type=\"hidden\" name=\"_wpcf7_recaptcha_response\" value=\"\" \/>\n<\/fieldset>\n<p><span class=\"wpcf7-form-control-wrap\" data-name=\"your-name\"><input size=\"40\" maxlength=\"400\" class=\"wpcf7-form-control wpcf7-text wpcf7-validates-as-required\" aria-required=\"true\" aria-invalid=\"false\" placeholder=\"Nombre\" value=\"\" type=\"text\" name=\"your-name\" \/><\/span>\n<\/p>\n<p><span class=\"wpcf7-form-control-wrap\" data-name=\"your-email\"><input size=\"40\" maxlength=\"400\" class=\"wpcf7-form-control wpcf7-email wpcf7-validates-as-required wpcf7-text wpcf7-validates-as-email\" aria-required=\"true\" aria-invalid=\"false\" placeholder=\"Email\" value=\"\" type=\"email\" name=\"your-email\" \/><\/span><br \/>\n<span class=\"wpcf7-form-control-wrap\" data-name=\"your-tel\"><input size=\"40\" maxlength=\"400\" class=\"wpcf7-form-control wpcf7-tel wpcf7-text wpcf7-validates-as-tel\" aria-invalid=\"false\" placeholder=\"Tel\u00e9fono\" value=\"\" type=\"tel\" name=\"your-tel\" \/><\/span>\n<\/p>\n<p><label>Comentario<\/label><br \/>\n<span class=\"wpcf7-form-control-wrap\" data-name=\"your-message\"><textarea cols=\"40\" rows=\"2\" maxlength=\"2000\" class=\"wpcf7-form-control wpcf7-textarea\" aria-invalid=\"false\" name=\"your-message\">Me gustar\u00eda hacer una reserva para ir al apiario...<\/textarea><\/span>\n<\/p>\n<div class=\"aceptacion-privacidad\">\n\t<p><span class=\"wpcf7-form-control-wrap\" data-name=\"acceptance-636\"><span class=\"wpcf7-form-control wpcf7-acceptance\"><span class=\"wpcf7-list-item\"><input type=\"checkbox\" name=\"acceptance-636\" value=\"1\" aria-invalid=\"false\" \/><\/span><\/span><\/span><label>He le\u00eddo y acepto la <a href=\"https:\/\/melcaramel.com\/politica-privacitat\/\">pol\u00edtica de privacidad<\/a><\/label>\n\t<\/p>\n<\/div>\n<p><input class=\"wpcf7-form-control wpcf7-submit has-spinner button\" id=\"form-submit\" type=\"submit\" value=\"Contactar\" \/>\n<\/p><div class=\"wpcf7-response-output\" aria-hidden=\"true\"><\/div>\n<\/form>\n<\/div>\n[vc_column_text el_class=\u00bbfragmento-proteccion-datos\u00bb]Me dejar\u00e1s tus datos para poder contactar conmigo y lo valoro mucho. Por eso quiero avisarte que tus datos estar\u00e1n seguros porque cumplo con el <strong>RGPD<\/strong> (Reglamento General de Protecci\u00f3n de Datos). Te dejo esta informaci\u00f3n que tienes que saber:<\/p>\n<p>Responsable \u00bb Mart\u00ed Mascar\u00f3 Cap\u00f3<br \/>\n<strong>Finalidad<\/strong> \u00bb para poder contestarte al mensaje que me env\u00edes con este formulario de contacto<br \/>\n<strong>Legitimaci\u00f3n<\/strong> \u00bb tu consentimiento.<br \/>\n<strong>Destinatarios<\/strong> \u00bb tus datos se guardar\u00e1n en <a href=\"https:\/\/www.webempresa.com\/\" target=\"_blank\" rel=\"noopener\">Webempresa<\/a> mi proveedor de email y hosting, y que tambi\u00e9n cumple con el RGPD.<br \/>\n<strong>Derechos<\/strong> \u00bb por supuesto tendr\u00e1s derecho, entre otros, a acceder, rectificar, limitar y suprimir tus datos.<br \/>\nAdem\u00e1s el sitio est\u00e1 protegido por el reCAPTCHA de Google para evitar spam. Aqu\u00ed tienes su <a href=\"https:\/\/policies.google.com\/privacy\" target=\"_blank\" rel=\"noopener noreferrer\">Pol\u00edtica de Privacidad<\/a> y los <a href=\"https:\/\/policies.google.com\/terms\" target=\"_blank\" rel=\"noopener noreferrer\">T\u00e9rminos de uso del Servicio<\/a>.[\/vc_column_text][\/vc_column_inner][\/vc_row_inner][\/vc_column][\/vc_row][vc_row][vc_column][vc_empty_space height=\u00bb100px\u00bb][\/vc_column][\/vc_row]<\/p>\n<\/div>","protected":false},"excerpt":{"rendered":"<p>[vc_row css_animation=\u00bbnone\u00bb el_class=\u00bbmel-col-color-right slider-mel\u00bb bb_sm_mode=\u00bbno\u00bb el_id=\u00bbpagina-servicios\u00bb][vc_column css_animation=\u00bbfadeIn\u00bb bbsm_scene=\u00bbmel-vertical-down-2&#8243; offset=\u00bbvc_col-lg-offset-1 vc_col-lg-6 vc_col-md-offset-0 vc_col-md-12 vc_col-sm-offset-0 vc_col-xs-12&#8243; bb_sm_mode=\u00bbyes\u00bb][vc_row_inner][vc_column_inner][\/vc_column_inner][\/vc_row_inner][vc_row_inner el_class=\u00bbwow fadeIn\u00bb][vc_column_inner][\/vc_column_inner][\/vc_row_inner][vc_row_inner el_class=\u00bbwow fadeIn\u00bb][vc_column_inner][\/vc_column_inner][\/vc_row_inner][vc_row_inner el_class=\u00bbwow fadeIn\u00bb][vc_column_inner][\/vc_column_inner][\/vc_row_inner][\/vc_column][vc_column width=\u00bb11\/12&#8243; offset=\u00bbvc_col-lg-offset-0 vc_col-lg-5 vc_col-md-offset-1 vc_col-md-10 vc_col-sm-offset-1 vc_col-xs-offset-1 vc_col-xs-11&#8243; el_class=\u00bbcolumna-derecha-pagina-servicio\u00bb][vc_row_inner equal_height=\u00bbyes\u00bb css=\u00bb.vc_custom_1569249829285{padding-top: 10px !important;}\u00bb][vc_column_inner offset=\u00bbvc_col-lg-offset-0 vc_col-lg-11&#8243; el_id=\u00bbservicios-page-columna-texto\u00bb][\/vc_column_inner][\/vc_row_inner][vc_row_inner equal_height=\u00bbyes\u00bb][vc_column_inner width=\u00bb11\/12&#8243; offset=\u00bbvc_col-lg-offset-1 vc_col-lg-10 vc_col-md-offset-1 vc_col-md-10&#8243; css=\u00bb.vc_custom_1583191067578{padding-bottom: 100px !important;}\u00bb][vc_column_text css_animation=\u00bbfadeIn\u00bb el_class=\u00bbmel-box-body\u00bb]Te ofrezco el privilegio de venir a descubrir [&hellip;]<\/p>\n","protected":false},"author":1,"featured_media":0,"parent":0,"menu_order":1,"comment_status":"closed","ping_status":"closed","template":"page-NoTitleBar.php","meta":{"inline_featured_image":false,"footnotes":""},"class_list":["post-4183","page","type-page","status-publish","hentry"],"_links":{"self":[{"href":"https:\/\/melcaramel.com\/es\/wp-json\/wp\/v2\/pages\/4183","targetHints":{"allow":["GET"]}}],"collection":[{"href":"https:\/\/melcaramel.com\/es\/wp-json\/wp\/v2\/pages"}],"about":[{"href":"https:\/\/melcaramel.com\/es\/wp-json\/wp\/v2\/types\/page"}],"author":[{"embeddable":true,"href":"https:\/\/melcaramel.com\/es\/wp-json\/wp\/v2\/users\/1"}],"replies":[{"embeddable":true,"href":"https:\/\/melcaramel.com\/es\/wp-json\/wp\/v2\/comments?post=4183"}],"version-history":[{"count":6,"href":"https:\/\/melcaramel.com\/es\/wp-json\/wp\/v2\/pages\/4183\/revisions"}],"predecessor-version":[{"id":7547,"href":"https:\/\/melcaramel.com\/es\/wp-json\/wp\/v2\/pages\/4183\/revisions\/7547"}],"wp:attachment":[{"href":"https:\/\/melcaramel.com\/es\/wp-json\/wp\/v2\/media?parent=4183"}],"curies":[{"name":"wp","href":"https:\/\/api.w.org\/{rel}","templated":true}]}}