{"id":4240,"date":"2020-02-12T13:56:02","date_gmt":"2020-02-12T12:56:02","guid":{"rendered":"https:\/\/melcaramel.com\/qui-som\/"},"modified":"2020-04-21T16:42:36","modified_gmt":"2020-04-21T14:42:36","slug":"quienes-somos","status":"publish","type":"page","link":"https:\/\/melcaramel.com\/es\/quienes-somos\/","title":{"rendered":"\u00bfQui\u00e9nes somos?"},"content":{"rendered":"<div class=\"wpb-content-wrapper\"><p>[vc_row css_animation=\u00bbslideInLeft\u00bb el_class=\u00bbmel-col-color-right slider-mel\u00bb bb_sm_mode=\u00bbno\u00bb el_id=\u00bbpagina-servicios\u00bb][vc_column css_animation=\u00bbfadeIn\u00bb offset=\u00bbvc_col-lg-offset-1 vc_col-lg-10 vc_col-md-offset-0 vc_col-md-12&#8243; bb_sm_mode=\u00bbno\u00bb el_class=\u00bbwow\u00bb]<div id='bbsm-69ef991ede6e3' class='mel-foto-efecto wow fadeIn mel-vertical-down-2  bbsm-text-'>[vc_single_image image=\u00bb3485&#8243; img_size=\u00bbfull\u00bb]<\/div>[\/vc_column][\/vc_row][vc_row css_animation=\u00bbslideInLeft\u00bb el_class=\u00bbmel-col-color-right slider-mel\u00bb bb_sm_mode=\u00bbno\u00bb][vc_column width=\u00bb5\/6&#8243; offset=\u00bbvc_col-lg-offset-2 vc_col-lg-9 vc_col-md-offset-1 vc_col-md-10 vc_col-sm-offset-1 vc_col-xs-offset-1 vc_col-xs-10&#8243; bb_sm_mode=\u00bbno\u00bb][vc_row_inner][vc_column_inner offset=\u00bbvc_col-lg-offset-0 vc_col-lg-12 vc_col-md-offset-0 vc_col-md-12 vc_col-xs-12&#8243;]<div id='bbsm-69ef991ede7c2' class='mel-vertical-down-2  bbsm-text-'>[vc_custom_heading text=\u00bbApiarios\u00bb font_container=\u00bbtag:h1|text_align:left\u00bb use_theme_fonts=\u00bbyes\u00bb css_animation=\u00bbfadeIn\u00bb el_class=\u00bbmel-title-1&#8243;][vc_custom_heading text=\u00bbpeque\u00f1os y sostenibles\u00bb use_theme_fonts=\u00bbyes\u00bb css_animation=\u00bbfadeIn\u00bb el_class=\u00bbmel-title-2&#8243;]<\/div>[\/vc_column_inner][\/vc_row_inner][vc_row_inner equal_height=\u00bbyes\u00bb][vc_column_inner width=\u00bb11\/12&#8243; offset=\u00bbvc_col-lg-offset-1 vc_col-lg-11 vc_col-md-offset-1 vc_col-md-11 vc_col-sm-offset-1 vc_col-xs-12&#8243; css=\u00bb.vc_custom_1587036981370{padding-bottom: 100px !important;}\u00bb][vc_column_text css_animation=\u00bbfadeIn\u00bb el_class=\u00bbmel-box-body\u00bb]Mel Caramel es una peque\u00f1a empresa especializada en<a href=\"https:\/\/melcaramel.com\/es\/apicultura-ecologica\/\">\u00a0<strong>mieles certificadas ecol\u00f3gicas<\/strong><\/a> de Mallorca. Mis <strong>apiarios<\/strong> son muy peque\u00f1os y <strong>sostenibles<\/strong> y est\u00e1n situados en <a href=\"https:\/\/melcaramel.com\/es\/apicultura-ecologica\/\"><strong>parajes naturales alejados<\/strong><\/a> de posibles contaminaciones de herbicidas y plaguicidas de la agricultura industrial.<\/p>\n<p>Mis recolecciones siempre son muy peque\u00f1as y, por tanto, de producci\u00f3n limitada debido a las lluvias irregulares del clima mediterr\u00e1neo. No obstante, la elevada diversidad de flora mel\u00edfera en la isla de Mallorca proporciona las condiciones ideales para recolectar mieles de gran calidad y con caracter\u00edsticas organol\u00e9pticas (gusto, aroma, textura, color) excepcionales.[\/vc_column_text][\/vc_column_inner][\/vc_row_inner][\/vc_column][\/vc_row][vc_row][vc_column][vc_empty_space height=\u00bb100px\u00bb][\/vc_column][\/vc_row]<\/p>\n<\/div>","protected":false},"excerpt":{"rendered":"<p>[vc_row css_animation=\u00bbslideInLeft\u00bb el_class=\u00bbmel-col-color-right slider-mel\u00bb bb_sm_mode=\u00bbno\u00bb el_id=\u00bbpagina-servicios\u00bb][vc_column css_animation=\u00bbfadeIn\u00bb offset=\u00bbvc_col-lg-offset-1 vc_col-lg-10 vc_col-md-offset-0 vc_col-md-12&#8243; bb_sm_mode=\u00bbno\u00bb el_class=\u00bbwow\u00bb][\/vc_column][\/vc_row][vc_row css_animation=\u00bbslideInLeft\u00bb el_class=\u00bbmel-col-color-right slider-mel\u00bb bb_sm_mode=\u00bbno\u00bb][vc_column width=\u00bb5\/6&#8243; offset=\u00bbvc_col-lg-offset-2 vc_col-lg-9 vc_col-md-offset-1 vc_col-md-10 vc_col-sm-offset-1 vc_col-xs-offset-1 vc_col-xs-10&#8243; bb_sm_mode=\u00bbno\u00bb][vc_row_inner][vc_column_inner offset=\u00bbvc_col-lg-offset-0 vc_col-lg-12 vc_col-md-offset-0 vc_col-md-12 vc_col-xs-12&#8243;][\/vc_column_inner][\/vc_row_inner][vc_row_inner equal_height=\u00bbyes\u00bb][vc_column_inner width=\u00bb11\/12&#8243; offset=\u00bbvc_col-lg-offset-1 vc_col-lg-11 vc_col-md-offset-1 vc_col-md-11 vc_col-sm-offset-1 vc_col-xs-12&#8243; css=\u00bb.vc_custom_1587036981370{padding-bottom: 100px !important;}\u00bb][vc_column_text css_animation=\u00bbfadeIn\u00bb el_class=\u00bbmel-box-body\u00bb]Mel Caramel es una peque\u00f1a empresa especializada en\u00a0mieles certificadas ecol\u00f3gicas de Mallorca. [&hellip;]<\/p>\n","protected":false},"author":1,"featured_media":0,"parent":0,"menu_order":0,"comment_status":"closed","ping_status":"closed","template":"page-NoTitleBar.php","meta":{"inline_featured_image":false,"footnotes":""},"class_list":["post-4240","page","type-page","status-publish","hentry"],"_links":{"self":[{"href":"https:\/\/melcaramel.com\/es\/wp-json\/wp\/v2\/pages\/4240","targetHints":{"allow":["GET"]}}],"collection":[{"href":"https:\/\/melcaramel.com\/es\/wp-json\/wp\/v2\/pages"}],"about":[{"href":"https:\/\/melcaramel.com\/es\/wp-json\/wp\/v2\/types\/page"}],"author":[{"embeddable":true,"href":"https:\/\/melcaramel.com\/es\/wp-json\/wp\/v2\/users\/1"}],"replies":[{"embeddable":true,"href":"https:\/\/melcaramel.com\/es\/wp-json\/wp\/v2\/comments?post=4240"}],"version-history":[{"count":0,"href":"https:\/\/melcaramel.com\/es\/wp-json\/wp\/v2\/pages\/4240\/revisions"}],"wp:attachment":[{"href":"https:\/\/melcaramel.com\/es\/wp-json\/wp\/v2\/media?parent=4240"}],"curies":[{"name":"wp","href":"https:\/\/api.w.org\/{rel}","templated":true}]}}