{"id":4965,"date":"2020-09-22T16:07:47","date_gmt":"2020-09-22T14:07:47","guid":{"rendered":"https:\/\/melcaramel.com\/?page_id=4965"},"modified":"2024-01-24T18:50:04","modified_gmt":"2024-01-24T17:50:04","slug":"aviso-legal","status":"publish","type":"page","link":"https:\/\/melcaramel.com\/es\/aviso-legal\/","title":{"rendered":"Aviso Legal"},"content":{"rendered":"<div class=\"wpb-content-wrapper\"><p>[vc_row css=\u00bb.vc_custom_1600780188469{margin-top: 100px !important;}\u00bb][vc_column offset=\u00bbvc_col-lg-offset-2 vc_col-lg-8 vc_col-sm-offset-0&#8243;][vc_column_text]<\/p>\n<h1>Aviso Legal<\/h1>\n<p class=\"p3\">El presente Aviso Legal regula las condiciones generales de acceso y utilizaci\u00f3n del sitio web accesible en la direcci\u00f3n URL <b>https:\/\/melcaramel.com <\/b>(en adelante, el sitio web), que <b>Mart\u00ed Mascar\u00f3 Cap\u00f3<span class=\"Apple-converted-space\">\u00a0 <\/span><\/b>como responsable de\u00a0<b>Mel Caramel<\/b>, pone a disposici\u00f3n de los usuarios de Internet.<br \/>\nLa utilizaci\u00f3n del sitio web implica la aceptaci\u00f3n plena y sin reservas de todas y cada una de las disposiciones incluidas en este Aviso Legal. En consecuencia, el usuario del sitio web debe leer atentamente el presente Aviso Legal en cada una de las ocasiones en que se proponga utilizar la web, ya que el texto podr\u00eda sufrir modificaciones a criterio del titular de la web, o a causa de un cambio legislativo, jurisprudencial o en la pr\u00e1ctica empresarial.<\/p>\n<h2 class=\"p4\">1.- Titularidad del sitio web<\/h2>\n<p class=\"p5\">En cumplimiento con el deber de informaci\u00f3n recogido en art\u00edculo 10 de la Ley 34\/2002, de 11 de Julio, de Servicios de la Sociedad de la Informaci\u00f3n y del Comercio Electr\u00f3nico, le informamos que el Sitio Web es titularidad de <b>Mart\u00ed Mascar\u00f3 Cap\u00f3<span class=\"Apple-converted-space\">\u00a0 <\/span><\/b>con\u00a0 <b>NIF: 43058589J<\/b>\u00a0 con domicilio social en Carrer <b>Carrer Pintor Miquel \u00c0ngel, 28, 2, 07300 Inca, Mallorca<\/b>.\u00a0El titular\u00a0 podr\u00e1 ser denominado en adelante como\u00a0<b>Mel Caramel<\/b>.<\/p>\n<p class=\"p3\">Puede ponerse en contacto con nosotros a trav\u00e9s del siguiente\u00a0formulario de correo electr\u00f3nico\u00a0o a trav\u00e9s del siguiente mail:<b>marti@melcaramel.com<\/b><\/p>\n<h2 class=\"p4\">2.- Objeto<\/h2>\n<p class=\"p3\">El sitio web facilita a los usuarios del mismo el acceso a informaci\u00f3n y servicios prestados por<b>\u00a0Mel Caramel<\/b>\u00a0a aquellas personas u organizaciones interesadas en los mismos.<\/p>\n<h2 class=\"p4\">3.- Acceso y utilizaci\u00f3n de la web<\/h2>\n<p class=\"p3\">3.1.- Car\u00e1cter gratuito del acceso y utilizaci\u00f3n de la web.<br \/>\nEl acceso a la web tiene car\u00e1cter gratuito para los usuarios de la misma.<br \/>\n3.2.- Registro de usuarios.<br \/>\nCon car\u00e1cter general el acceso y utilizaci\u00f3n de la web no exige la previa suscripci\u00f3n o registro de los usuarios de la misma.<\/p>\n<h2 class=\"p4\">4.- Contenido de la web<\/h2>\n<p class=\"p3\">El idioma utilizado por el titular en la web ser\u00e1 el castellano.\u00a0<b>Mel Caramel<\/b>\u00a0no se responsabiliza de la no comprensi\u00f3n o entendimiento del idioma de la web por el usuario, ni de sus consecuencias.<br \/>\n<b>Mel Caramel<\/b>\u00a0podr\u00e1 modificar los contenidos sin previo aviso, as\u00ed como suprimir y cambiar \u00e9stos dentro de la web, como la forma en que se accede a \u00e9stos, sin justificaci\u00f3n alguna y libremente, no responsabiliz\u00e1ndose de las consecuencias que los mismos puedan ocasionar a los usuarios.<br \/>\nSe proh\u00edbe el uso de los contenidos de la web para promocionar, contratar o divulgar publicidad o informaci\u00f3n propia o de terceras personas sin la autorizaci\u00f3n de\u00a0<b>Mel Caramel<\/b>, ni remitir publicidad o informaci\u00f3n vali\u00e9ndose para ello de los servicios o informaci\u00f3n que se ponen a disposici\u00f3n de los usuarios, independientemente de si la utilizaci\u00f3n es gratuita o no.<br \/>\nLos enlaces o hiperenlaces que incorporen terceros en sus p\u00e1ginas web, dirigidos a esta web, ser\u00e1n para la apertura de la p\u00e1gina web completa, no pudiendo manifestar, directa o indirectamente, indicaciones falsas, inexactas o confusas, ni incurrir en acciones desleales o il\u00edcitas en contra de\u00a0<b>Mel Caramel<\/b>.<\/p>\n<h2 class=\"p4\">5.- Limitaci\u00f3n de responsabilidad<\/h2>\n<p class=\"p3\">Tanto el acceso a la web como el uso inconsentido que pueda efectuarse de la informaci\u00f3n contenida en la misma es de la exclusiva responsabilidad de quien lo realiza.\u00a0<b>Mel Caramel<\/b>\u00a0no responder\u00e1 de ninguna consecuencia, da\u00f1o o perjuicio que pudieran derivarse de dicho acceso o uso. <b>Mart\u00ed Mascar\u00f3 Cap\u00f3<\/b> no se hace responsable de los errores de seguridad, que se puedan producir ni de los da\u00f1os que puedan causarse al sistema inform\u00e1tico del usuario (hardware y software), o a los ficheros o documentos almacenados en el mismo, como consecuencia de:<br \/>\n\u2013 la presencia de un virus en el ordenador del usuario que sea utilizado para la conexi\u00f3n a los servicios y contenidos de la web,<br \/>\n\u2013 un mal funcionamiento del navegador,<br \/>\n\u2013 y\/o del uso de versiones no actualizadas del mismo.<br \/>\n<b>Mel Caramel<\/b>\u00a0no se hace responsable de la fiabilidad y rapidez de los hiperenlaces que se incorporen en la web para la apertura de otras.\u00a0<b>Mel Caramel<\/b>\u00a0no garantiza la utilidad de estos enlaces, ni se responsabiliza de los contenidos o servicios a los que pueda acceder el usuario por medio de estos enlaces, ni del buen funcionamiento de estas webs.<br \/>\n<b>Mel Caramel<\/b>\u00a0no ser\u00e1 responsable de los virus o dem\u00e1s programas inform\u00e1ticos que deterioren o puedan deteriorar los sistemas o equipos inform\u00e1ticos de los usuarios al acceder a su web u otras webs a las que se haya accedido mediante enlaces de esta web.<\/p>\n<h2 class=\"p4\">6.- Empleo de la tecnolog\u00eda \u201ccookie\u201d<\/h2>\n<p class=\"p3\">Puede consultar nuestra\u00a0Pol\u00edtica de Cookies, que respeta en todo momento la confidencialidad e intimidad del mismo.<\/p>\n<h2 class=\"p4\">7.- Propiedad intelectual e industrial<\/h2>\n<p class=\"p3\">Son propiedad de\u00a0<b>Mel Caramel<\/b>\u00a0todos los derechos de propiedad industrial e intelectual de la web, as\u00ed como de los contenidos que alberga. Cualquier uso de la web o sus contenidos deber\u00e1 tener un car\u00e1cter exclusivamente particular. Est\u00e1 reservado exclusivamente a\u00a0<b>Mel Caramel<\/b>, cualquier otro uso que suponga la copia, reproducci\u00f3n, distribuci\u00f3n, transformaci\u00f3n, comunicaci\u00f3n p\u00fablica o cualquier otra acci\u00f3n similar, de todo o parte de los contenidos de la web, por lo que ning\u00fan usuario podr\u00e1 llevar a cabo estas acciones sin la autorizaci\u00f3n previa y por escrito de\u00a0<b>Mel Caramel<\/b>.<\/p>\n<h2 class=\"p4\">\u00a08.- Pol\u00edtica de privacidad y protecci\u00f3n de datos<\/h2>\n<p class=\"p5\">Puede consultar nuestra\u00a0pol\u00edtica de privacidad y protecci\u00f3n de datos.<\/p>\n<p>[\/vc_column_text][\/vc_column][\/vc_row]<\/p>\n<\/div>","protected":false},"excerpt":{"rendered":"<p>[vc_row css=\u00bb.vc_custom_1600780188469{margin-top: 100px !important;}\u00bb][vc_column offset=\u00bbvc_col-lg-offset-2 vc_col-lg-8 vc_col-sm-offset-0&#8243;][vc_column_text] Aviso Legal El presente Aviso Legal regula las condiciones generales de acceso y utilizaci\u00f3n del sitio web accesible en la direcci\u00f3n URL https:\/\/melcaramel.com (en adelante, el sitio web), que Mart\u00ed Mascar\u00f3 Cap\u00f3\u00a0 como responsable de\u00a0Mel Caramel, pone a disposici\u00f3n de los usuarios de Internet. La utilizaci\u00f3n del sitio [&hellip;]<\/p>\n","protected":false},"author":1,"featured_media":0,"parent":0,"menu_order":22,"comment_status":"closed","ping_status":"closed","template":"","meta":{"inline_featured_image":false,"footnotes":""},"class_list":["post-4965","page","type-page","status-publish","hentry"],"_links":{"self":[{"href":"https:\/\/melcaramel.com\/es\/wp-json\/wp\/v2\/pages\/4965","targetHints":{"allow":["GET"]}}],"collection":[{"href":"https:\/\/melcaramel.com\/es\/wp-json\/wp\/v2\/pages"}],"about":[{"href":"https:\/\/melcaramel.com\/es\/wp-json\/wp\/v2\/types\/page"}],"author":[{"embeddable":true,"href":"https:\/\/melcaramel.com\/es\/wp-json\/wp\/v2\/users\/1"}],"replies":[{"embeddable":true,"href":"https:\/\/melcaramel.com\/es\/wp-json\/wp\/v2\/comments?post=4965"}],"version-history":[{"count":3,"href":"https:\/\/melcaramel.com\/es\/wp-json\/wp\/v2\/pages\/4965\/revisions"}],"predecessor-version":[{"id":6140,"href":"https:\/\/melcaramel.com\/es\/wp-json\/wp\/v2\/pages\/4965\/revisions\/6140"}],"wp:attachment":[{"href":"https:\/\/melcaramel.com\/es\/wp-json\/wp\/v2\/media?parent=4965"}],"curies":[{"name":"wp","href":"https:\/\/api.w.org\/{rel}","templated":true}]}}